{"id":22409,"date":"2026-03-25T15:17:38","date_gmt":"2026-03-25T15:17:38","guid":{"rendered":"https:\/\/somefunstore.com\/?post_type=product&#038;p=22409"},"modified":"2026-03-25T15:17:38","modified_gmt":"2026-03-25T15:17:38","slug":"stickers-super-heros-x50","status":"publish","type":"product","link":"https:\/\/somefunstore.com\/en\/shop\/themes-occasions\/anniversaires\/par-themes\/supers-heros\/stickers-super-heros-x50\/","title":{"rendered":"Stickers super-h\u00e9ros x50"},"content":{"rendered":"","protected":false},"excerpt":{"rendered":"<section class=\"text-token-text-primary w-full focus:outline-none [--shadow-height:45px] has-data-writing-block:pointer-events-none has-data-writing-block:-mt-(--shadow-height) has-data-writing-block:pt-(--shadow-height) [&amp;:has([data-writing-block])&gt;*]:pointer-events-auto scroll-mt-(--header-height)\" dir=\"auto\" data-turn-id=\"6e8b2ed6-4298-469b-af0a-97f32dc63d11\" data-testid=\"conversation-turn-161\" data-scroll-anchor=\"false\" data-turn=\"user\"><\/section>\n<section class=\"text-token-text-primary w-full focus:outline-none [--shadow-height:45px] has-data-writing-block:pointer-events-none has-data-writing-block:-mt-(--shadow-height) has-data-writing-block:pt-(--shadow-height) [&amp;:has([data-writing-block])&gt;*]:pointer-events-auto scroll-mt-[calc(var(--header-height)+min(200px,max(70px,20svh)))]\" dir=\"auto\" data-turn-id=\"request-69c27ede-0dac-8325-989f-6b6eafc1fcdf-68\" data-testid=\"conversation-turn-162\" data-scroll-anchor=\"true\" data-turn=\"assistant\">\n<div class=\"text-base my-auto mx-auto pb-10 [--thread-content-margin:var(--thread-content-margin-xs,calc(var(--spacing)*4))] @w-sm\/main:[--thread-content-margin:var(--thread-content-margin-sm,calc(var(--spacing)*6))] @w-lg\/main:[--thread-content-margin:var(--thread-content-margin-lg,calc(var(--spacing)*16))] px-(--thread-content-margin)\">\n<div class=\"[--thread-content-max-width:40rem] @w-lg\/main:[--thread-content-max-width:48rem] mx-auto max-w-(--thread-content-max-width) flex-1 group\/turn-messages focus-visible:outline-hidden relative flex w-full min-w-0 flex-col agent-turn\">\n<div class=\"flex max-w-full flex-col gap-4 grow\">\n<div class=\"min-h-8 text-message relative flex w-full flex-col items-end gap-2 text-start break-words whitespace-normal outline-none keyboard-focused:focus-ring [.text-message+&amp;]:mt-1\" dir=\"auto\" tabindex=\"0\" data-message-author-role=\"assistant\" data-message-id=\"ca74b62b-6e84-4fbf-8e02-d430d6e08c62\" data-message-model-slug=\"gpt-5-3\" data-turn-start-message=\"true\">\n<div class=\"flex w-full flex-col gap-1 empty:hidden\">\n<div class=\"markdown prose dark:prose-invert w-full wrap-break-word light markdown-new-styling\">\n<p data-start=\"0\" data-end=\"94\">Ajoutez une touche fun et explosive \u00e0 vos cr\u00e9ations avec ce lot de stickers super-h\u00e9ros<\/p>\n<ul data-start=\"96\" data-end=\"386\" data-is-last-node=\"\" data-is-only-node=\"\">\n<li data-section-id=\"1bs7p46\" data-start=\"96\" data-end=\"136\">Lot de 50 stickers th\u00e8me super-h\u00e9ros<\/li>\n<li data-section-id=\"grca68\" data-start=\"137\" data-end=\"182\">Designs vari\u00e9s style BD (BOOM, POW, BAM\u2026)<\/li>\n<li data-section-id=\"1wbttr5\" data-start=\"183\" data-end=\"222\">Couleurs vives et effets dynamiques<\/li>\n<li data-section-id=\"xftmof\" data-start=\"223\" data-end=\"272\">Faciles \u00e0 coller sur cahiers, cadeaux ou d\u00e9co<\/li>\n<li data-section-id=\"x8d2g0\" data-start=\"274\" data-end=\"329\">Id\u00e9al pour activit\u00e9s cr\u00e9atives et personnalisations<\/li>\n<li data-section-id=\"izfsnl\" data-start=\"330\" data-end=\"386\" data-is-last-node=\"\">Parfaits comme cadeaux de retour<\/li>\n<\/ul>\n<\/div>\n<\/div>\n<\/div>\n<\/div>\n<\/div>\n<\/div>\n<\/section>\n","protected":false},"featured_media":22410,"comment_status":"open","ping_status":"closed","template":"","meta":[],"product_brand":[],"product_cat":[298,270],"product_tag":[],"class_list":{"0":"post-22409","1":"product","2":"type-product","3":"status-publish","4":"has-post-thumbnail","6":"product_cat-supers-heros","7":"product_cat-tatouages-et-stickers","9":"first","10":"instock","11":"virtual","12":"purchasable","13":"product-type-simple"},"_links":{"self":[{"href":"https:\/\/somefunstore.com\/en\/wp-json\/wp\/v2\/product\/22409","targetHints":{"allow":["GET"]}}],"collection":[{"href":"https:\/\/somefunstore.com\/en\/wp-json\/wp\/v2\/product"}],"about":[{"href":"https:\/\/somefunstore.com\/en\/wp-json\/wp\/v2\/types\/product"}],"replies":[{"embeddable":true,"href":"https:\/\/somefunstore.com\/en\/wp-json\/wp\/v2\/comments?post=22409"}],"wp:featuredmedia":[{"embeddable":true,"href":"https:\/\/somefunstore.com\/en\/wp-json\/wp\/v2\/media\/22410"}],"wp:attachment":[{"href":"https:\/\/somefunstore.com\/en\/wp-json\/wp\/v2\/media?parent=22409"}],"wp:term":[{"taxonomy":"product_brand","embeddable":true,"href":"https:\/\/somefunstore.com\/en\/wp-json\/wp\/v2\/product_brand?post=22409"},{"taxonomy":"product_cat","embeddable":true,"href":"https:\/\/somefunstore.com\/en\/wp-json\/wp\/v2\/product_cat?post=22409"},{"taxonomy":"product_tag","embeddable":true,"href":"https:\/\/somefunstore.com\/en\/wp-json\/wp\/v2\/product_tag?post=22409"}],"curies":[{"name":"wp","href":"https:\/\/api.w.org\/{rel}","templated":true}]}}