{"id":22455,"date":"2026-03-25T16:31:55","date_gmt":"2026-03-25T16:31:55","guid":{"rendered":"https:\/\/somefunstore.com\/?post_type=product&#038;p=22455"},"modified":"2026-03-25T16:31:55","modified_gmt":"2026-03-25T16:31:55","slug":"topper-welcome-baby-girl","status":"publish","type":"product","link":"https:\/\/somefunstore.com\/en\/shop\/themes-occasions\/baby-shower\/topper-welcome-baby-girl\/","title":{"rendered":"Topper Welcome baby girl"},"content":{"rendered":"","protected":false},"excerpt":{"rendered":"<p data-start=\"0\" data-end=\"118\">Sublimez votre g\u00e2teau avec ce topper \u201cWelcome Baby Girl\u201d, parfait pour c\u00e9l\u00e9brer une naissance ou une baby shower.<\/p>\n<ul data-start=\"120\" data-end=\"384\" data-is-last-node=\"\" data-is-only-node=\"\">\n<li data-section-id=\"1jixz1z\" data-start=\"120\" data-end=\"157\">Topper g\u00e2teau \u201cWelcome Baby Girl\u201d<\/li>\n<li data-section-id=\"1ocm7c3\" data-start=\"158\" data-end=\"193\">Coloris dor\u00e9 \u00e9l\u00e9gant et raffin\u00e9<\/li>\n<li data-section-id=\"t6aebp\" data-start=\"194\" data-end=\"236\">Id\u00e9al pour d\u00e9corer g\u00e2teaux et desserts<\/li>\n<li data-section-id=\"abja8l\" data-start=\"237\" data-end=\"280\">Pic int\u00e9gr\u00e9 pour une utilisation facile<\/li>\n<li data-section-id=\"154gpao\" data-start=\"282\" data-end=\"323\">Parfait pour baby shower ou naissance<\/li>\n<li data-section-id=\"8r1w2y\" data-start=\"324\" data-end=\"384\" data-is-last-node=\"\">Apporte une touche chic et festive \u00e0 votre d\u00e9coration<\/li>\n<li data-section-id=\"8r1w2y\" data-start=\"324\" data-end=\"384\" data-is-last-node=\"\">Dimension : 11,5 x 9 cm<\/li>\n<\/ul>","protected":false},"featured_media":22460,"comment_status":"open","ping_status":"closed","template":"","meta":[],"product_brand":[],"product_cat":[276],"product_tag":[],"class_list":{"0":"post-22455","1":"product","2":"type-product","3":"status-publish","4":"has-post-thumbnail","6":"product_cat-baby-shower","8":"first","9":"instock","10":"virtual","11":"purchasable","12":"product-type-simple"},"_links":{"self":[{"href":"https:\/\/somefunstore.com\/en\/wp-json\/wp\/v2\/product\/22455","targetHints":{"allow":["GET"]}}],"collection":[{"href":"https:\/\/somefunstore.com\/en\/wp-json\/wp\/v2\/product"}],"about":[{"href":"https:\/\/somefunstore.com\/en\/wp-json\/wp\/v2\/types\/product"}],"replies":[{"embeddable":true,"href":"https:\/\/somefunstore.com\/en\/wp-json\/wp\/v2\/comments?post=22455"}],"wp:featuredmedia":[{"embeddable":true,"href":"https:\/\/somefunstore.com\/en\/wp-json\/wp\/v2\/media\/22460"}],"wp:attachment":[{"href":"https:\/\/somefunstore.com\/en\/wp-json\/wp\/v2\/media?parent=22455"}],"wp:term":[{"taxonomy":"product_brand","embeddable":true,"href":"https:\/\/somefunstore.com\/en\/wp-json\/wp\/v2\/product_brand?post=22455"},{"taxonomy":"product_cat","embeddable":true,"href":"https:\/\/somefunstore.com\/en\/wp-json\/wp\/v2\/product_cat?post=22455"},{"taxonomy":"product_tag","embeddable":true,"href":"https:\/\/somefunstore.com\/en\/wp-json\/wp\/v2\/product_tag?post=22455"}],"curies":[{"name":"wp","href":"https:\/\/api.w.org\/{rel}","templated":true}]}}