{"id":22486,"date":"2026-03-26T09:38:30","date_gmt":"2026-03-26T09:38:30","guid":{"rendered":"https:\/\/somefunstore.com\/?post_type=product&#038;p=22486"},"modified":"2026-03-26T09:38:31","modified_gmt":"2026-03-26T09:38:31","slug":"voile-avec-couronne-de-fleurs","status":"publish","type":"product","link":"https:\/\/somefunstore.com\/en\/shop\/le-store\/les-accessoires\/barrettes-et-serre-tete\/voile-avec-couronne-de-fleurs\/","title":{"rendered":"Voile avec couronne de fleurs"},"content":{"rendered":"","protected":false},"excerpt":{"rendered":"<p data-start=\"0\" data-end=\"130\">Apportez une touche fun et romantique \u00e0 votre look de bachelorette avec ce voile de mari\u00e9e orn\u00e9 d\u2019une couronne de fleurs.<\/p>\n<ul data-start=\"132\" data-end=\"468\" data-is-last-node=\"\" data-is-only-node=\"\">\n<li data-section-id=\"c1umtc\" data-start=\"132\" data-end=\"188\">Voile de bachelorette avec couronne florale int\u00e9gr\u00e9e<\/li>\n<li data-section-id=\"1dhu7h5\" data-start=\"189\" data-end=\"244\">Fleurs blanches \u00e9l\u00e9gantes pour un style boh\u00e8me chic<\/li>\n<li data-section-id=\"1wo7177\" data-start=\"245\" data-end=\"298\">Voile l\u00e9ger en tulle pour un effet doux et a\u00e9rien<\/li>\n<li data-section-id=\"1qepoz0\" data-start=\"344\" data-end=\"398\">Parfait pour EVJF, soir\u00e9es entre amies ou shooting<\/li>\n<li data-section-id=\"jln2iu\" data-start=\"399\" data-end=\"468\" data-is-last-node=\"\">L\u2019accessoire id\u00e9al pour une future mari\u00e9e styl\u00e9e et inoubliable<\/li>\n<\/ul>","protected":false},"featured_media":22487,"comment_status":"open","ping_status":"closed","template":"","meta":[],"product_brand":[],"product_cat":[277,271],"product_tag":[],"class_list":{"0":"post-22486","1":"product","2":"type-product","3":"status-publish","4":"has-post-thumbnail","6":"product_cat-bachelorette","7":"product_cat-barrettes-et-serre-tete","9":"first","10":"instock","11":"virtual","12":"purchasable","13":"product-type-simple"},"_links":{"self":[{"href":"https:\/\/somefunstore.com\/en\/wp-json\/wp\/v2\/product\/22486","targetHints":{"allow":["GET"]}}],"collection":[{"href":"https:\/\/somefunstore.com\/en\/wp-json\/wp\/v2\/product"}],"about":[{"href":"https:\/\/somefunstore.com\/en\/wp-json\/wp\/v2\/types\/product"}],"replies":[{"embeddable":true,"href":"https:\/\/somefunstore.com\/en\/wp-json\/wp\/v2\/comments?post=22486"}],"wp:featuredmedia":[{"embeddable":true,"href":"https:\/\/somefunstore.com\/en\/wp-json\/wp\/v2\/media\/22487"}],"wp:attachment":[{"href":"https:\/\/somefunstore.com\/en\/wp-json\/wp\/v2\/media?parent=22486"}],"wp:term":[{"taxonomy":"product_brand","embeddable":true,"href":"https:\/\/somefunstore.com\/en\/wp-json\/wp\/v2\/product_brand?post=22486"},{"taxonomy":"product_cat","embeddable":true,"href":"https:\/\/somefunstore.com\/en\/wp-json\/wp\/v2\/product_cat?post=22486"},{"taxonomy":"product_tag","embeddable":true,"href":"https:\/\/somefunstore.com\/en\/wp-json\/wp\/v2\/product_tag?post=22486"}],"curies":[{"name":"wp","href":"https:\/\/api.w.org\/{rel}","templated":true}]}}