{"id":22492,"date":"2026-03-26T11:11:53","date_gmt":"2026-03-26T11:11:53","guid":{"rendered":"https:\/\/somefunstore.com\/?post_type=product&#038;p=22492"},"modified":"2026-03-26T11:11:53","modified_gmt":"2026-03-26T11:11:53","slug":"banniere-happy-birthday-rose","status":"publish","type":"product","link":"https:\/\/somefunstore.com\/en\/shop\/le-store\/la-decoration\/bannieres\/banniere-happy-birthday-rose\/","title":{"rendered":"Banni\u00e8re Happy birthday rose"},"content":{"rendered":"","protected":false},"excerpt":{"rendered":"<p data-start=\"0\" data-end=\"108\">Apportez une touche douce et \u00e9l\u00e9gante \u00e0 votre f\u00eate avec cette guirlande \u201cHappy Birthday\u201d rose et dor\u00e9e .<\/p>\n<ul data-start=\"110\" data-end=\"394\" data-is-last-node=\"\" data-is-only-node=\"\">\n<li data-section-id=\"1b3rrsr\" data-start=\"110\" data-end=\"152\">Guirlande \u201cHappy Birthday\u201d \u00e0 assembler<\/li>\n<li data-section-id=\"q42lrg\" data-start=\"153\" data-end=\"201\">Fanions roses avec lettres dor\u00e9es brillantes<\/li>\n<li data-section-id=\"1osup2n\" data-start=\"202\" data-end=\"251\">Ruban de 5m ajustable pour s\u2019adapter \u00e0 votre espace<\/li>\n<li data-section-id=\"qon44o\" data-start=\"252\" data-end=\"278\">Design chic et f\u00e9minin<\/li>\n<li data-section-id=\"11578dv\" data-start=\"280\" data-end=\"342\">Parfait pour anniversaires, baby shower ou f\u00eates d\u2019enfants<\/li>\n<li data-section-id=\"1emfsj5\" data-start=\"343\" data-end=\"394\" data-is-last-node=\"\">Id\u00e9al pour une d\u00e9coration tendre et raffin\u00e9e<\/li>\n<\/ul>","protected":false},"featured_media":22493,"comment_status":"open","ping_status":"closed","template":"","meta":[],"product_brand":[],"product_cat":[325,263],"product_tag":[],"class_list":{"0":"post-22492","1":"product","2":"type-product","3":"status-publish","4":"has-post-thumbnail","6":"product_cat-bannieres","7":"product_cat-guirlandes-la-decoration","9":"first","10":"instock","11":"virtual","12":"purchasable","13":"product-type-simple"},"_links":{"self":[{"href":"https:\/\/somefunstore.com\/en\/wp-json\/wp\/v2\/product\/22492","targetHints":{"allow":["GET"]}}],"collection":[{"href":"https:\/\/somefunstore.com\/en\/wp-json\/wp\/v2\/product"}],"about":[{"href":"https:\/\/somefunstore.com\/en\/wp-json\/wp\/v2\/types\/product"}],"replies":[{"embeddable":true,"href":"https:\/\/somefunstore.com\/en\/wp-json\/wp\/v2\/comments?post=22492"}],"wp:featuredmedia":[{"embeddable":true,"href":"https:\/\/somefunstore.com\/en\/wp-json\/wp\/v2\/media\/22493"}],"wp:attachment":[{"href":"https:\/\/somefunstore.com\/en\/wp-json\/wp\/v2\/media?parent=22492"}],"wp:term":[{"taxonomy":"product_brand","embeddable":true,"href":"https:\/\/somefunstore.com\/en\/wp-json\/wp\/v2\/product_brand?post=22492"},{"taxonomy":"product_cat","embeddable":true,"href":"https:\/\/somefunstore.com\/en\/wp-json\/wp\/v2\/product_cat?post=22492"},{"taxonomy":"product_tag","embeddable":true,"href":"https:\/\/somefunstore.com\/en\/wp-json\/wp\/v2\/product_tag?post=22492"}],"curies":[{"name":"wp","href":"https:\/\/api.w.org\/{rel}","templated":true}]}}