{"id":22501,"date":"2026-03-26T11:19:48","date_gmt":"2026-03-26T11:19:48","guid":{"rendered":"https:\/\/somefunstore.com\/?post_type=product&#038;p=22501"},"modified":"2026-03-26T11:19:48","modified_gmt":"2026-03-26T11:19:48","slug":"banniere-happy-birthday-pastel","status":"publish","type":"product","link":"https:\/\/somefunstore.com\/en\/shop\/le-store\/la-decoration\/bannieres\/banniere-happy-birthday-pastel\/","title":{"rendered":"Banni\u00e8re Happy birthday pastel"},"content":{"rendered":"","protected":false},"excerpt":{"rendered":"<p data-start=\"0\" data-end=\"120\">Apportez une touche douce et tendance \u00e0 votre d\u00e9coration avec cette guirlande \u201cHappy Birthday\u201d aux couleurs pastel<\/p>\n<ul data-start=\"122\" data-end=\"427\" data-is-last-node=\"\" data-is-only-node=\"\">\n<li data-section-id=\"1b3rrsr\" data-start=\"122\" data-end=\"164\">Guirlande \u201cHappy Birthday\u201d \u00e0 assembler<\/li>\n<li data-section-id=\"19r6cul\" data-start=\"165\" data-end=\"223\">Lettres multicolores aux tons pastel avec contour dor\u00e9<\/li>\n<li data-section-id=\"1ar64a7\" data-start=\"224\" data-end=\"253\">Design moderne et d\u00e9licat<\/li>\n<li data-section-id=\"b3f4mn\" data-start=\"254\" data-end=\"302\">Ruban de 5m ajustable pour une installation facile<\/li>\n<li data-section-id=\"1ppk3ul\" data-start=\"304\" data-end=\"364\">Id\u00e9al pour anniversaires, baby shower ou f\u00eates \u00e9l\u00e9gantes<\/li>\n<li data-section-id=\"km9gou\" data-start=\"365\" data-end=\"427\" data-is-last-node=\"\">Parfait pour une ambiance douce, chic et Instagrammable<\/li>\n<\/ul>","protected":false},"featured_media":22502,"comment_status":"open","ping_status":"closed","template":"","meta":[],"product_brand":[],"product_cat":[325,263],"product_tag":[],"class_list":{"0":"post-22501","1":"product","2":"type-product","3":"status-publish","4":"has-post-thumbnail","6":"product_cat-bannieres","7":"product_cat-guirlandes-la-decoration","9":"first","10":"instock","11":"virtual","12":"purchasable","13":"product-type-simple"},"_links":{"self":[{"href":"https:\/\/somefunstore.com\/en\/wp-json\/wp\/v2\/product\/22501","targetHints":{"allow":["GET"]}}],"collection":[{"href":"https:\/\/somefunstore.com\/en\/wp-json\/wp\/v2\/product"}],"about":[{"href":"https:\/\/somefunstore.com\/en\/wp-json\/wp\/v2\/types\/product"}],"replies":[{"embeddable":true,"href":"https:\/\/somefunstore.com\/en\/wp-json\/wp\/v2\/comments?post=22501"}],"wp:featuredmedia":[{"embeddable":true,"href":"https:\/\/somefunstore.com\/en\/wp-json\/wp\/v2\/media\/22502"}],"wp:attachment":[{"href":"https:\/\/somefunstore.com\/en\/wp-json\/wp\/v2\/media?parent=22501"}],"wp:term":[{"taxonomy":"product_brand","embeddable":true,"href":"https:\/\/somefunstore.com\/en\/wp-json\/wp\/v2\/product_brand?post=22501"},{"taxonomy":"product_cat","embeddable":true,"href":"https:\/\/somefunstore.com\/en\/wp-json\/wp\/v2\/product_cat?post=22501"},{"taxonomy":"product_tag","embeddable":true,"href":"https:\/\/somefunstore.com\/en\/wp-json\/wp\/v2\/product_tag?post=22501"}],"curies":[{"name":"wp","href":"https:\/\/api.w.org\/{rel}","templated":true}]}}