{"id":22526,"date":"2026-03-26T12:18:44","date_gmt":"2026-03-26T12:18:44","guid":{"rendered":"https:\/\/somefunstore.com\/?post_type=product&#038;p=22526"},"modified":"2026-03-26T12:18:44","modified_gmt":"2026-03-26T12:18:44","slug":"serre-tete-happy-birthday-rose-fushia","status":"publish","type":"product","link":"https:\/\/somefunstore.com\/en\/shop\/le-store\/les-accessoires\/barrettes-et-serre-tete\/serre-tete-happy-birthday-rose-fushia\/","title":{"rendered":"Serre-t\u00eate Happy birthday rose fushia"},"content":{"rendered":"","protected":false},"excerpt":{"rendered":"<p data-start=\"0\" data-end=\"208\">Ajoutez une touche fun et festive \u00e0 votre tenue avec ce serre-t\u00eate \u201cHappy Birthday\u201d. Parfait pour c\u00e9l\u00e9brer un anniversaire avec style, il apportera imm\u00e9diatement une ambiance joyeuse et des photos m\u00e9morables.<\/p>\n<p data-start=\"210\" data-end=\"457\" data-is-last-node=\"\" data-is-only-node=\"\">\u2022 Serre-t\u00eate Happy Birthday paillet\u00e9<br data-start=\"246\" data-end=\"249\" \/>\u2022 Couleur fuchsia avec effet brillant<br data-start=\"286\" data-end=\"289\" \/>\u2022 Lettres en relief pour un effet fun et visible<br data-start=\"337\" data-end=\"340\" \/>\u2022 L\u00e9ger et confortable \u00e0 porter<br data-start=\"371\" data-end=\"374\" \/>\u2022 Id\u00e9al pour anniversaires, f\u00eates et photos<br data-start=\"417\" data-end=\"420\" \/>\u2022 Convient aux enfants et aux adultes<\/p>","protected":false},"featured_media":22527,"comment_status":"open","ping_status":"closed","template":"","meta":[],"product_brand":[],"product_cat":[271],"product_tag":[],"class_list":{"0":"post-22526","1":"product","2":"type-product","3":"status-publish","4":"has-post-thumbnail","6":"product_cat-barrettes-et-serre-tete","8":"first","9":"instock","10":"virtual","11":"purchasable","12":"product-type-simple"},"_links":{"self":[{"href":"https:\/\/somefunstore.com\/en\/wp-json\/wp\/v2\/product\/22526","targetHints":{"allow":["GET"]}}],"collection":[{"href":"https:\/\/somefunstore.com\/en\/wp-json\/wp\/v2\/product"}],"about":[{"href":"https:\/\/somefunstore.com\/en\/wp-json\/wp\/v2\/types\/product"}],"replies":[{"embeddable":true,"href":"https:\/\/somefunstore.com\/en\/wp-json\/wp\/v2\/comments?post=22526"}],"wp:featuredmedia":[{"embeddable":true,"href":"https:\/\/somefunstore.com\/en\/wp-json\/wp\/v2\/media\/22527"}],"wp:attachment":[{"href":"https:\/\/somefunstore.com\/en\/wp-json\/wp\/v2\/media?parent=22526"}],"wp:term":[{"taxonomy":"product_brand","embeddable":true,"href":"https:\/\/somefunstore.com\/en\/wp-json\/wp\/v2\/product_brand?post=22526"},{"taxonomy":"product_cat","embeddable":true,"href":"https:\/\/somefunstore.com\/en\/wp-json\/wp\/v2\/product_cat?post=22526"},{"taxonomy":"product_tag","embeddable":true,"href":"https:\/\/somefunstore.com\/en\/wp-json\/wp\/v2\/product_tag?post=22526"}],"curies":[{"name":"wp","href":"https:\/\/api.w.org\/{rel}","templated":true}]}}