{"id":22597,"date":"2026-03-27T12:50:10","date_gmt":"2026-03-27T12:50:10","guid":{"rendered":"https:\/\/somefunstore.com\/?post_type=product&#038;p=22597"},"modified":"2026-03-27T12:50:10","modified_gmt":"2026-03-27T12:50:10","slug":"sacs-cadeaux-roller-x10","status":"publish","type":"product","link":"https:\/\/somefunstore.com\/en\/shop\/themes-occasions\/anniversaires\/par-themes\/roller\/sacs-cadeaux-roller-x10\/","title":{"rendered":"Sacs cadeaux Roller x10"},"content":{"rendered":"","protected":false},"excerpt":{"rendered":"<p data-start=\"0\" data-end=\"232\">Ajoutez une touche fun et r\u00e9tro \u00e0 vos f\u00eates avec ces sacs cadeaux th\u00e8me roller ultra color\u00e9s. Parfaits pour emballer les surprises des enfants, ils apportent une vraie ambiance festive et originale \u00e0 vos anniversaires et \u00e9v\u00e9nements.<\/p>\n<p data-start=\"234\" data-end=\"579\">\u2022 Lot de 10 sacs cadeaux th\u00e8me roller<br data-start=\"271\" data-end=\"274\" \/>\u2022 Design color\u00e9 et fun avec motifs patins \u00e0 roulettes<br data-start=\"327\" data-end=\"330\" data-is-only-node=\"\" \/>\u2022 Id\u00e9al pour anniversaire, f\u00eate ou \u00e9v\u00e9nement enfants<br data-start=\"382\" data-end=\"385\" \/>\u2022 Parfait pour contenir des cadeaux de retour<br data-start=\"430\" data-end=\"433\" \/>\u2022 Poign\u00e9es solides pour un transport facile<br data-start=\"476\" data-end=\"479\" \/>\u2022 Dimensions : 15 x21 x 8 cm<br data-start=\"538\" data-end=\"541\" \/><\/p>","protected":false},"featured_media":22598,"comment_status":"open","ping_status":"closed","template":"","meta":[],"product_brand":[],"product_cat":[295,265],"product_tag":[],"class_list":{"0":"post-22597","1":"product","2":"type-product","3":"status-publish","4":"has-post-thumbnail","6":"product_cat-roller","7":"product_cat-sacs-cadeaux","9":"first","10":"instock","11":"virtual","12":"purchasable","13":"product-type-simple"},"_links":{"self":[{"href":"https:\/\/somefunstore.com\/en\/wp-json\/wp\/v2\/product\/22597","targetHints":{"allow":["GET"]}}],"collection":[{"href":"https:\/\/somefunstore.com\/en\/wp-json\/wp\/v2\/product"}],"about":[{"href":"https:\/\/somefunstore.com\/en\/wp-json\/wp\/v2\/types\/product"}],"replies":[{"embeddable":true,"href":"https:\/\/somefunstore.com\/en\/wp-json\/wp\/v2\/comments?post=22597"}],"wp:featuredmedia":[{"embeddable":true,"href":"https:\/\/somefunstore.com\/en\/wp-json\/wp\/v2\/media\/22598"}],"wp:attachment":[{"href":"https:\/\/somefunstore.com\/en\/wp-json\/wp\/v2\/media?parent=22597"}],"wp:term":[{"taxonomy":"product_brand","embeddable":true,"href":"https:\/\/somefunstore.com\/en\/wp-json\/wp\/v2\/product_brand?post=22597"},{"taxonomy":"product_cat","embeddable":true,"href":"https:\/\/somefunstore.com\/en\/wp-json\/wp\/v2\/product_cat?post=22597"},{"taxonomy":"product_tag","embeddable":true,"href":"https:\/\/somefunstore.com\/en\/wp-json\/wp\/v2\/product_tag?post=22597"}],"curies":[{"name":"wp","href":"https:\/\/api.w.org\/{rel}","templated":true}]}}