{"id":22660,"date":"2026-03-30T13:55:56","date_gmt":"2026-03-30T13:55:56","guid":{"rendered":"https:\/\/somefunstore.com\/?post_type=product&#038;p=22660"},"modified":"2026-03-30T13:55:56","modified_gmt":"2026-03-30T13:55:56","slug":"presentoir-laduree","status":"publish","type":"product","link":"https:\/\/somefunstore.com\/en\/shop\/themes-occasions\/anniversaires\/par-themes\/fleurs\/presentoir-laduree\/","title":{"rendered":"Pr\u00e9sentoir Ladur\u00e9e"},"content":{"rendered":"","protected":false},"excerpt":{"rendered":"<p>On craque pour ce magnifique pr\u00e9sentoir qui mettra en avant vos gourmandises.<\/p>\n<ul data-start=\"0\" data-end=\"272\">\n<li data-section-id=\"1w5wedv\" data-start=\"0\" data-end=\"94\">Fleurs en papier de soie rose, rose p\u00e2le, p\u00eache et ivoire (guirlande florale pr\u00e9assembl\u00e9e)<\/li>\n<li data-section-id=\"1r0uy6g\" data-start=\"95\" data-end=\"141\">N\u0153uds en ruban gros-grain ray\u00e9 rose\/ivoire<\/li>\n<li data-section-id=\"o17zxy\" data-start=\"142\" data-end=\"163\">D\u00e9tails en dorure<\/li>\n<li data-section-id=\"ovtnao\" data-start=\"164\" data-end=\"195\">Attaches parisiennes dor\u00e9es<\/li>\n<li data-section-id=\"13pagcr\" data-start=\"196\" data-end=\"224\">Assemblage simple requis<\/li>\n<li data-section-id=\"vhlbv0\" data-start=\"225\" data-end=\"272\">Dimensions assembl\u00e9es : 54 x 53,3 x 19,7 cm<\/li>\n<\/ul>\n<p data-start=\"274\" data-end=\"295\" data-is-last-node=\"\" data-is-only-node=\"\">Code produit : 223461<\/p>\n<p>&nbsp;<\/p>","protected":false},"featured_media":22661,"comment_status":"open","ping_status":"closed","template":"","meta":[],"product_brand":[],"product_cat":[259,290,329,255],"product_tag":[],"class_list":{"0":"post-22660","1":"product","2":"type-product","3":"status-publish","4":"has-post-thumbnail","6":"product_cat-centres-de-table","7":"product_cat-fleurs","8":"product_cat-laduree","9":"product_cat-presentoires","11":"first","12":"instock","13":"virtual","14":"purchasable","15":"product-type-simple"},"_links":{"self":[{"href":"https:\/\/somefunstore.com\/en\/wp-json\/wp\/v2\/product\/22660","targetHints":{"allow":["GET"]}}],"collection":[{"href":"https:\/\/somefunstore.com\/en\/wp-json\/wp\/v2\/product"}],"about":[{"href":"https:\/\/somefunstore.com\/en\/wp-json\/wp\/v2\/types\/product"}],"replies":[{"embeddable":true,"href":"https:\/\/somefunstore.com\/en\/wp-json\/wp\/v2\/comments?post=22660"}],"wp:featuredmedia":[{"embeddable":true,"href":"https:\/\/somefunstore.com\/en\/wp-json\/wp\/v2\/media\/22661"}],"wp:attachment":[{"href":"https:\/\/somefunstore.com\/en\/wp-json\/wp\/v2\/media?parent=22660"}],"wp:term":[{"taxonomy":"product_brand","embeddable":true,"href":"https:\/\/somefunstore.com\/en\/wp-json\/wp\/v2\/product_brand?post=22660"},{"taxonomy":"product_cat","embeddable":true,"href":"https:\/\/somefunstore.com\/en\/wp-json\/wp\/v2\/product_cat?post=22660"},{"taxonomy":"product_tag","embeddable":true,"href":"https:\/\/somefunstore.com\/en\/wp-json\/wp\/v2\/product_tag?post=22660"}],"curies":[{"name":"wp","href":"https:\/\/api.w.org\/{rel}","templated":true}]}}