{"id":22687,"date":"2026-03-30T14:30:09","date_gmt":"2026-03-30T14:30:09","guid":{"rendered":"https:\/\/somefunstore.com\/?post_type=product&#038;p=22687"},"modified":"2026-03-30T14:30:09","modified_gmt":"2026-03-30T14:30:09","slug":"carte-animaux-en-parade","status":"publish","type":"product","link":"https:\/\/somefunstore.com\/en\/shop\/themes-occasions\/anniversaires\/par-themes\/animaux-en-parade\/carte-animaux-en-parade\/","title":{"rendered":"Carte animaux en parade"},"content":{"rendered":"","protected":false},"excerpt":{"rendered":"<p>Attention, alerte animaux adorables ! Cette jolie carte accord\u00e9on, avec ses d\u00e9tails d\u00e9coratifs attrayants, est parfaite comme d\u00e9coration en centre de table !<\/p>\n<section class=\"text-token-text-primary w-full focus:outline-none [--shadow-height:45px] has-data-writing-block:pointer-events-none has-data-writing-block:-mt-(--shadow-height) has-data-writing-block:pt-(--shadow-height) [&amp;:has([data-writing-block])&gt;*]:pointer-events-auto scroll-mt-(--header-height)\" dir=\"auto\" data-turn-id=\"11af815f-3541-47e9-9746-7c6a6bcc73c4\" data-testid=\"conversation-turn-51\" data-scroll-anchor=\"false\" data-turn=\"user\"><\/section>\n<section class=\"text-token-text-primary w-full focus:outline-none [--shadow-height:45px] has-data-writing-block:pointer-events-none has-data-writing-block:-mt-(--shadow-height) has-data-writing-block:pt-(--shadow-height) [&amp;:has([data-writing-block])&gt;*]:pointer-events-auto scroll-mt-[calc(var(--header-height)+min(200px,max(70px,20svh)))]\" dir=\"auto\" data-turn-id=\"request-WEB:5b427928-2d89-4de7-bc73-d83d435dfa92-25\" data-testid=\"conversation-turn-52\" data-scroll-anchor=\"true\" data-turn=\"assistant\">\n<div class=\"text-base my-auto mx-auto pb-10 [--thread-content-margin:var(--thread-content-margin-xs,calc(var(--spacing)*4))] @w-sm\/main:[--thread-content-margin:var(--thread-content-margin-sm,calc(var(--spacing)*6))] @w-lg\/main:[--thread-content-margin:var(--thread-content-margin-lg,calc(var(--spacing)*16))] px-(--thread-content-margin)\">\n<div class=\"[--thread-content-max-width:40rem] @w-lg\/main:[--thread-content-max-width:48rem] mx-auto max-w-(--thread-content-max-width) flex-1 group\/turn-messages focus-visible:outline-hidden relative flex w-full min-w-0 flex-col agent-turn\">\n<div class=\"flex max-w-full flex-col gap-4 grow\">\n<div class=\"min-h-8 text-message relative flex w-full flex-col items-end gap-2 text-start break-words whitespace-normal outline-none keyboard-focused:focus-ring [.text-message+&amp;]:mt-1\" dir=\"auto\" tabindex=\"0\" data-message-author-role=\"assistant\" data-message-id=\"975b281d-15b9-405c-a733-ac4c60254c17\" data-message-model-slug=\"gpt-5-3\" data-turn-start-message=\"true\">\n<div class=\"flex w-full flex-col gap-1 empty:hidden\">\n<div class=\"markdown prose dark:prose-invert w-full wrap-break-word light markdown-new-styling\">\n<ul data-start=\"0\" data-end=\"500\">\n<li data-section-id=\"1hsa5aw\" data-start=\"0\" data-end=\"57\">Le lion poss\u00e8de une crini\u00e8re en papier de soie orange<\/li>\n<li data-section-id=\"1no3c8e\" data-start=\"58\" data-end=\"115\">La girafe a une queue en fil \u00e0 broder nou\u00e9 gris fonc\u00e9<\/li>\n<li data-section-id=\"90soss\" data-start=\"116\" data-end=\"170\">Les ballons ont des fils en corde m\u00e9tallique dor\u00e9e<\/li>\n<li data-section-id=\"8ogayp\" data-start=\"171\" data-end=\"210\">B\u00e2tonnets en bois pour les drapeaux<\/li>\n<li data-section-id=\"1t0cx8e\" data-start=\"211\" data-end=\"258\">Dorure brillante des deux c\u00f4t\u00e9s de la carte<\/li>\n<li data-section-id=\"1t8poh7\" data-start=\"259\" data-end=\"335\">Le message \u00e0 l\u2019int\u00e9rieur indique : \u00ab Wishing you a very Happy Birthday \u00bb<\/li>\n<li data-section-id=\"1gdson0\" data-start=\"336\" data-end=\"389\">L\u2019insert comporte des d\u00e9tails en dorure brillante<\/li>\n<li data-section-id=\"1svhojs\" data-start=\"390\" data-end=\"457\">Message : \u00ab Wishing you a very Happy Birthday \u00bb (\u00e0 l\u2019int\u00e9rieur)<\/li>\n<li data-section-id=\"j6dsno\" data-start=\"458\" data-end=\"500\">Dimensions du produit : 71,1 x 12,7 cm<\/li>\n<\/ul>\n<p data-start=\"502\" data-end=\"523\" data-is-last-node=\"\" data-is-only-node=\"\">Code produit : 276917<\/p>\n<\/div>\n<\/div>\n<\/div>\n<\/div>\n<\/div>\n<\/div>\n<\/section>\n","protected":false},"featured_media":22688,"comment_status":"open","ping_status":"closed","template":"","meta":[],"product_brand":[],"product_cat":[233,281,259],"product_tag":[],"class_list":{"0":"post-22687","1":"product","2":"type-product","3":"status-publish","4":"has-post-thumbnail","6":"product_cat-animaux-en-parade","7":"product_cat-animaux-safari","8":"product_cat-centres-de-table","10":"first","11":"instock","12":"virtual","13":"purchasable","14":"product-type-simple"},"_links":{"self":[{"href":"https:\/\/somefunstore.com\/en\/wp-json\/wp\/v2\/product\/22687","targetHints":{"allow":["GET"]}}],"collection":[{"href":"https:\/\/somefunstore.com\/en\/wp-json\/wp\/v2\/product"}],"about":[{"href":"https:\/\/somefunstore.com\/en\/wp-json\/wp\/v2\/types\/product"}],"replies":[{"embeddable":true,"href":"https:\/\/somefunstore.com\/en\/wp-json\/wp\/v2\/comments?post=22687"}],"wp:featuredmedia":[{"embeddable":true,"href":"https:\/\/somefunstore.com\/en\/wp-json\/wp\/v2\/media\/22688"}],"wp:attachment":[{"href":"https:\/\/somefunstore.com\/en\/wp-json\/wp\/v2\/media?parent=22687"}],"wp:term":[{"taxonomy":"product_brand","embeddable":true,"href":"https:\/\/somefunstore.com\/en\/wp-json\/wp\/v2\/product_brand?post=22687"},{"taxonomy":"product_cat","embeddable":true,"href":"https:\/\/somefunstore.com\/en\/wp-json\/wp\/v2\/product_cat?post=22687"},{"taxonomy":"product_tag","embeddable":true,"href":"https:\/\/somefunstore.com\/en\/wp-json\/wp\/v2\/product_tag?post=22687"}],"curies":[{"name":"wp","href":"https:\/\/api.w.org\/{rel}","templated":true}]}}