{"id":22690,"date":"2026-03-30T14:34:09","date_gmt":"2026-03-30T14:34:09","guid":{"rendered":"https:\/\/somefunstore.com\/?post_type=product&#038;p=22690"},"modified":"2026-04-13T12:30:46","modified_gmt":"2026-04-13T12:30:46","slug":"piniata-body-gender-reveal","status":"publish","type":"product","link":"https:\/\/somefunstore.com\/en\/shop\/le-store\/la-decoration\/pinatas\/piniata-body-gender-reveal\/","title":{"rendered":"Pinata body Gender reveal"},"content":{"rendered":"","protected":false},"excerpt":{"rendered":"<p data-start=\"0\" data-end=\"232\">Ajoutez une touche de surprise et de fun \u00e0 votre f\u00eate avec cette pinata gender reveal originale ! Son design bicolore rose et bleu avec point d\u2019interrogation est parfait pour annoncer le sexe du b\u00e9b\u00e9 de mani\u00e8re ludique et m\u00e9morable.<\/p>\n<ul data-start=\"234\" data-end=\"507\">\n<li data-section-id=\"1ci08d9\" data-start=\"234\" data-end=\"284\">Pinata th\u00e8me gender reveal (fille ou gar\u00e7on ?)<\/li>\n<li data-section-id=\"isepjx\" data-start=\"285\" data-end=\"335\">Design rose et bleu avec point d\u2019interrogation<\/li>\n<li data-section-id=\"rr0hyg\" data-start=\"336\" data-end=\"385\">Id\u00e9ale pour baby shower et f\u00eate de r\u00e9v\u00e9lation<\/li>\n<li data-section-id=\"ptn3b\" data-start=\"386\" data-end=\"430\">Baton et bandeau inclus pour plus de fun<\/li>\n<li data-section-id=\"13djf31\" data-start=\"431\" data-end=\"473\">\u00c0 remplir de bonbons ou confettis<\/li>\n<li data-section-id=\"1wawvfj\" data-start=\"474\" data-end=\"507\">Dimensions : 40 x 37 x 9,5 cm<\/li>\n<\/ul>\n<p data-start=\"509\" data-end=\"579\" data-is-last-node=\"\" data-is-only-node=\"\">Un incontournable pour cr\u00e9er un moment magique et plein d\u2019\u00e9motion<\/p>","protected":false},"featured_media":23020,"comment_status":"open","ping_status":"closed","template":"","meta":[],"product_brand":[],"product_cat":[278,264],"product_tag":[],"class_list":{"0":"post-22690","1":"product","2":"type-product","3":"status-publish","4":"has-post-thumbnail","6":"product_cat-gender-reveal","7":"product_cat-pinatas","9":"first","10":"instock","11":"virtual","12":"purchasable","13":"product-type-simple"},"_links":{"self":[{"href":"https:\/\/somefunstore.com\/en\/wp-json\/wp\/v2\/product\/22690","targetHints":{"allow":["GET"]}}],"collection":[{"href":"https:\/\/somefunstore.com\/en\/wp-json\/wp\/v2\/product"}],"about":[{"href":"https:\/\/somefunstore.com\/en\/wp-json\/wp\/v2\/types\/product"}],"replies":[{"embeddable":true,"href":"https:\/\/somefunstore.com\/en\/wp-json\/wp\/v2\/comments?post=22690"}],"wp:featuredmedia":[{"embeddable":true,"href":"https:\/\/somefunstore.com\/en\/wp-json\/wp\/v2\/media\/23020"}],"wp:attachment":[{"href":"https:\/\/somefunstore.com\/en\/wp-json\/wp\/v2\/media?parent=22690"}],"wp:term":[{"taxonomy":"product_brand","embeddable":true,"href":"https:\/\/somefunstore.com\/en\/wp-json\/wp\/v2\/product_brand?post=22690"},{"taxonomy":"product_cat","embeddable":true,"href":"https:\/\/somefunstore.com\/en\/wp-json\/wp\/v2\/product_cat?post=22690"},{"taxonomy":"product_tag","embeddable":true,"href":"https:\/\/somefunstore.com\/en\/wp-json\/wp\/v2\/product_tag?post=22690"}],"curies":[{"name":"wp","href":"https:\/\/api.w.org\/{rel}","templated":true}]}}