{"id":22980,"date":"2026-04-13T10:18:39","date_gmt":"2026-04-13T10:18:39","guid":{"rendered":"https:\/\/somefunstore.com\/?post_type=product&#038;p=22980"},"modified":"2026-04-13T10:18:39","modified_gmt":"2026-04-13T10:18:39","slug":"kit-vaisselle-football-dore","status":"publish","type":"product","link":"https:\/\/somefunstore.com\/en\/shop\/themes-occasions\/anniversaires\/par-themes\/football\/kit-vaisselle-football-dore\/","title":{"rendered":"Kit vaisselle football dor\u00e9"},"content":{"rendered":"","protected":false},"excerpt":{"rendered":"<p data-start=\"141\" data-end=\"364\">Cr\u00e9ez une ambiance de f\u00eate \u00e9l\u00e9gante et sportive avec ce kit vaisselle football aux finitions dor\u00e9es. Parfait pour un anniversaire, une soir\u00e9e match ou une f\u00eate \u00e0 th\u00e8me, ce set apportera une touche chic et festive \u00e0 ta table.<\/p>\n<p data-start=\"371\" data-end=\"391\"><strong data-start=\"371\" data-end=\"391\">Ce kit est compos\u00e9 de : <\/strong><\/p>\n<ul data-start=\"392\" data-end=\"522\">\n<li data-section-id=\"u5fac9\" data-start=\"392\" data-end=\"447\">8 grandes assiettes<\/li>\n<li data-section-id=\"lp0n8p\" data-start=\"448\" data-end=\"473\">8 assiettes \u00e0 dessert<\/li>\n<li data-section-id=\"rh31pf\" data-start=\"474\" data-end=\"497\">8 gobelets assortis<\/li>\n<li data-section-id=\"130ssj\" data-start=\"498\" data-end=\"522\">16 serviettes \u201cGOAL\u201d<\/li>\n<\/ul>","protected":false},"featured_media":22983,"comment_status":"open","ping_status":"closed","template":"","meta":[],"product_brand":[],"product_cat":[334,240],"product_tag":[],"class_list":{"0":"post-22980","1":"product","2":"type-product","3":"status-publish","4":"has-post-thumbnail","6":"product_cat-football","7":"product_cat-kit-vaisselles","9":"first","10":"instock","11":"virtual","12":"purchasable","13":"product-type-simple"},"_links":{"self":[{"href":"https:\/\/somefunstore.com\/en\/wp-json\/wp\/v2\/product\/22980","targetHints":{"allow":["GET"]}}],"collection":[{"href":"https:\/\/somefunstore.com\/en\/wp-json\/wp\/v2\/product"}],"about":[{"href":"https:\/\/somefunstore.com\/en\/wp-json\/wp\/v2\/types\/product"}],"replies":[{"embeddable":true,"href":"https:\/\/somefunstore.com\/en\/wp-json\/wp\/v2\/comments?post=22980"}],"wp:featuredmedia":[{"embeddable":true,"href":"https:\/\/somefunstore.com\/en\/wp-json\/wp\/v2\/media\/22983"}],"wp:attachment":[{"href":"https:\/\/somefunstore.com\/en\/wp-json\/wp\/v2\/media?parent=22980"}],"wp:term":[{"taxonomy":"product_brand","embeddable":true,"href":"https:\/\/somefunstore.com\/en\/wp-json\/wp\/v2\/product_brand?post=22980"},{"taxonomy":"product_cat","embeddable":true,"href":"https:\/\/somefunstore.com\/en\/wp-json\/wp\/v2\/product_cat?post=22980"},{"taxonomy":"product_tag","embeddable":true,"href":"https:\/\/somefunstore.com\/en\/wp-json\/wp\/v2\/product_tag?post=22980"}],"curies":[{"name":"wp","href":"https:\/\/api.w.org\/{rel}","templated":true}]}}