{"id":22984,"date":"2026-04-13T10:23:35","date_gmt":"2026-04-13T10:23:35","guid":{"rendered":"https:\/\/somefunstore.com\/?post_type=product&#038;p=22984"},"modified":"2026-04-13T10:23:35","modified_gmt":"2026-04-13T10:23:35","slug":"pinata-ballon-de-football","status":"publish","type":"product","link":"https:\/\/somefunstore.com\/en\/shop\/themes-occasions\/anniversaires\/par-themes\/football\/pinata-ballon-de-football\/","title":{"rendered":"Pinata ballon de football"},"content":{"rendered":"","protected":false},"excerpt":{"rendered":"<p>Apportez une touche fun et dynamique \u00e0 votre f\u00eate avec cette pi\u00f1ata en forme de ballon de football ! Parfaite pour les anniversaires sur le th\u00e8me du sport, elle fera sensation aupr\u00e8s des enfants et des fans de foot.<\/p>\n<ul>\n<li data-section-id=\"i1gs9f\" data-start=\"343\" data-end=\"376\">Dimensions : 30 x 30 x 7.5 cm<\/li>\n<li data-section-id=\"1abvdn0\" data-start=\"377\" data-end=\"421\">Design : ballon de football noir &amp; blanc<\/li>\n<li data-section-id=\"1ltqhto\" data-start=\"422\" data-end=\"478\">\u00c0 remplir avec : bonbons, petits jouets ou surprises<\/li>\n<li data-section-id=\"19gporo\" data-start=\"479\" data-end=\"508\">B\u00e2tonnet et bandeau pour les yeux inclus<\/li>\n<li data-section-id=\"kahhue\" data-start=\"509\" data-end=\"583\">Id\u00e9al pour : anniversaires, f\u00eates \u00e0 th\u00e8me football, animations enfants<\/li>\n<\/ul>","protected":false},"featured_media":22986,"comment_status":"open","ping_status":"closed","template":"","meta":[],"product_brand":[],"product_cat":[334,264],"product_tag":[],"class_list":{"0":"post-22984","1":"product","2":"type-product","3":"status-publish","4":"has-post-thumbnail","6":"product_cat-football","7":"product_cat-pinatas","9":"first","10":"instock","11":"virtual","12":"purchasable","13":"product-type-simple"},"_links":{"self":[{"href":"https:\/\/somefunstore.com\/en\/wp-json\/wp\/v2\/product\/22984","targetHints":{"allow":["GET"]}}],"collection":[{"href":"https:\/\/somefunstore.com\/en\/wp-json\/wp\/v2\/product"}],"about":[{"href":"https:\/\/somefunstore.com\/en\/wp-json\/wp\/v2\/types\/product"}],"replies":[{"embeddable":true,"href":"https:\/\/somefunstore.com\/en\/wp-json\/wp\/v2\/comments?post=22984"}],"wp:featuredmedia":[{"embeddable":true,"href":"https:\/\/somefunstore.com\/en\/wp-json\/wp\/v2\/media\/22986"}],"wp:attachment":[{"href":"https:\/\/somefunstore.com\/en\/wp-json\/wp\/v2\/media?parent=22984"}],"wp:term":[{"taxonomy":"product_brand","embeddable":true,"href":"https:\/\/somefunstore.com\/en\/wp-json\/wp\/v2\/product_brand?post=22984"},{"taxonomy":"product_cat","embeddable":true,"href":"https:\/\/somefunstore.com\/en\/wp-json\/wp\/v2\/product_cat?post=22984"},{"taxonomy":"product_tag","embeddable":true,"href":"https:\/\/somefunstore.com\/en\/wp-json\/wp\/v2\/product_tag?post=22984"}],"curies":[{"name":"wp","href":"https:\/\/api.w.org\/{rel}","templated":true}]}}