{"id":22988,"date":"2026-04-13T10:40:06","date_gmt":"2026-04-13T10:40:06","guid":{"rendered":"https:\/\/somefunstore.com\/?post_type=product&#038;p=22988"},"modified":"2026-04-13T10:42:34","modified_gmt":"2026-04-13T10:42:34","slug":"kit-vaisselle-football-noir-et-blanc","status":"publish","type":"product","link":"https:\/\/somefunstore.com\/en\/shop\/themes-occasions\/anniversaires\/par-themes\/football\/kit-vaisselle-football-noir-et-blanc\/","title":{"rendered":"Kit vaisselle football noir et blanc"},"content":{"rendered":"","protected":false},"excerpt":{"rendered":"<p>Plongez dans l\u2019ambiance du match avec ce kit vaisselle football au design classique noir &amp; blanc ! Parfait pour un anniversaire ou une f\u00eate sur le th\u00e8me du foot, il ravira petits et grands fans. Ce kit est compos\u00e9 de :<\/p>\n<ul data-start=\"358\" data-end=\"500\">\n<li data-section-id=\"3hh949\" data-start=\"358\" data-end=\"408\">8 grandes assiettes<\/li>\n<li data-section-id=\"lp0n8p\" data-start=\"409\" data-end=\"434\">8 assiettes \u00e0 dessert<\/li>\n<li data-section-id=\"rh31pf\" data-start=\"435\" data-end=\"458\">8 gobelets assortis<\/li>\n<li data-section-id=\"ol08tj\" data-start=\"459\" data-end=\"476\">16 serviettes<\/li>\n<li data-section-id=\"1o4plot\" data-start=\"477\" data-end=\"500\">16 pailles d\u00e9cor\u00e9es<\/li>\n<\/ul>","protected":false},"featured_media":22989,"comment_status":"open","ping_status":"closed","template":"","meta":[],"product_brand":[],"product_cat":[248,334,240],"product_tag":[],"class_list":{"0":"post-22988","1":"product","2":"type-product","3":"status-publish","4":"has-post-thumbnail","6":"product_cat-assiettes","7":"product_cat-football","8":"product_cat-kit-vaisselles","10":"first","11":"instock","12":"virtual","13":"purchasable","14":"product-type-simple"},"_links":{"self":[{"href":"https:\/\/somefunstore.com\/en\/wp-json\/wp\/v2\/product\/22988","targetHints":{"allow":["GET"]}}],"collection":[{"href":"https:\/\/somefunstore.com\/en\/wp-json\/wp\/v2\/product"}],"about":[{"href":"https:\/\/somefunstore.com\/en\/wp-json\/wp\/v2\/types\/product"}],"replies":[{"embeddable":true,"href":"https:\/\/somefunstore.com\/en\/wp-json\/wp\/v2\/comments?post=22988"}],"wp:featuredmedia":[{"embeddable":true,"href":"https:\/\/somefunstore.com\/en\/wp-json\/wp\/v2\/media\/22989"}],"wp:attachment":[{"href":"https:\/\/somefunstore.com\/en\/wp-json\/wp\/v2\/media?parent=22988"}],"wp:term":[{"taxonomy":"product_brand","embeddable":true,"href":"https:\/\/somefunstore.com\/en\/wp-json\/wp\/v2\/product_brand?post=22988"},{"taxonomy":"product_cat","embeddable":true,"href":"https:\/\/somefunstore.com\/en\/wp-json\/wp\/v2\/product_cat?post=22988"},{"taxonomy":"product_tag","embeddable":true,"href":"https:\/\/somefunstore.com\/en\/wp-json\/wp\/v2\/product_tag?post=22988"}],"curies":[{"name":"wp","href":"https:\/\/api.w.org\/{rel}","templated":true}]}}