{"id":22990,"date":"2026-04-13T10:54:20","date_gmt":"2026-04-13T10:54:20","guid":{"rendered":"https:\/\/somefunstore.com\/?post_type=product&#038;p=22990"},"modified":"2026-04-13T10:54:20","modified_gmt":"2026-04-13T10:54:20","slug":"presentoir-football","status":"publish","type":"product","link":"https:\/\/somefunstore.com\/en\/shop\/themes-occasions\/anniversaires\/par-themes\/football\/presentoir-football\/","title":{"rendered":"Pr\u00e9sentoir football"},"content":{"rendered":"","protected":false},"excerpt":{"rendered":"<p data-start=\"113\" data-end=\"366\">Cr\u00e9e une table spectaculaire avec ce pr\u00e9sentoir \u00e0 cupcakes sur le th\u00e8me du football ! Son design original en forme de terrain avec ballon en relief apporte une vraie mise en sc\u00e8ne pour sublimer tes desserts lors d\u2019un anniversaire ou d\u2019une f\u00eate sportive.<\/p>\n<ul data-start=\"398\" data-end=\"648\">\n<li data-section-id=\"ei6eqy\" data-start=\"398\" data-end=\"433\">Dimensions : 291 x 256 x 330 mm<\/li>\n<li data-section-id=\"1dhq5ze\" data-start=\"434\" data-end=\"469\">Structure : pr\u00e9sentoir 3 \u00e9tages<\/li>\n<li data-section-id=\"jw99x0\" data-start=\"470\" data-end=\"508\">Th\u00e8me : Football \/ terrain de foot<\/li>\n<li data-section-id=\"8mxb96\" data-start=\"509\" data-end=\"566\">Design immersif avec visuels de ballon et cage de but<\/li>\n<li data-section-id=\"xmw3zb\" data-start=\"567\" data-end=\"629\">Id\u00e9al pour pr\u00e9senter cupcakes, muffins et petites douceurs<\/li>\n<li data-section-id=\"1vb4n4n\" data-start=\"630\" data-end=\"648\">Montage facile<\/li>\n<\/ul>","protected":false},"featured_media":22993,"comment_status":"open","ping_status":"closed","template":"","meta":[],"product_brand":[],"product_cat":[334,255],"product_tag":[],"class_list":{"0":"post-22990","1":"product","2":"type-product","3":"status-publish","4":"has-post-thumbnail","6":"product_cat-football","7":"product_cat-presentoires","9":"first","10":"instock","11":"virtual","12":"purchasable","13":"product-type-simple"},"_links":{"self":[{"href":"https:\/\/somefunstore.com\/en\/wp-json\/wp\/v2\/product\/22990","targetHints":{"allow":["GET"]}}],"collection":[{"href":"https:\/\/somefunstore.com\/en\/wp-json\/wp\/v2\/product"}],"about":[{"href":"https:\/\/somefunstore.com\/en\/wp-json\/wp\/v2\/types\/product"}],"replies":[{"embeddable":true,"href":"https:\/\/somefunstore.com\/en\/wp-json\/wp\/v2\/comments?post=22990"}],"wp:featuredmedia":[{"embeddable":true,"href":"https:\/\/somefunstore.com\/en\/wp-json\/wp\/v2\/media\/22993"}],"wp:attachment":[{"href":"https:\/\/somefunstore.com\/en\/wp-json\/wp\/v2\/media?parent=22990"}],"wp:term":[{"taxonomy":"product_brand","embeddable":true,"href":"https:\/\/somefunstore.com\/en\/wp-json\/wp\/v2\/product_brand?post=22990"},{"taxonomy":"product_cat","embeddable":true,"href":"https:\/\/somefunstore.com\/en\/wp-json\/wp\/v2\/product_cat?post=22990"},{"taxonomy":"product_tag","embeddable":true,"href":"https:\/\/somefunstore.com\/en\/wp-json\/wp\/v2\/product_tag?post=22990"}],"curies":[{"name":"wp","href":"https:\/\/api.w.org\/{rel}","templated":true}]}}