{"id":22997,"date":"2026-04-13T11:03:34","date_gmt":"2026-04-13T11:03:34","guid":{"rendered":"https:\/\/somefunstore.com\/?post_type=product&#038;p=22997"},"modified":"2026-04-14T12:35:28","modified_gmt":"2026-04-14T12:35:28","slug":"sacs-cadeaux-football-blancs","status":"publish","type":"product","link":"https:\/\/somefunstore.com\/en\/shop\/themes-occasions\/anniversaires\/par-themes\/football\/sacs-cadeaux-football-blancs\/","title":{"rendered":"Sacs cadeaux football blancs x12"},"content":{"rendered":"","protected":false},"excerpt":{"rendered":"<p data-start=\"47\" data-end=\"295\">Ajoutez une touche \u00e9l\u00e9gante et sportive \u00e0 votre f\u00eate avec ces sacs cadeaux au motif ballon de football. Parfaits pour distribuer surprises et goodies, ils compl\u00e8tent id\u00e9alement une d\u00e9coration sur le th\u00e8me du foot tout en restant sobres et modernes.<\/p>\n<ul data-start=\"313\" data-end=\"551\">\n<li data-section-id=\"18i23ye\" data-start=\"313\" data-end=\"367\">Lot de 12 sacs cadeaux motif football noir &amp; blanc<\/li>\n<li data-section-id=\"1fbzo77\" data-start=\"368\" data-end=\"398\">Design \u00e9pur\u00e9 et intemporel<\/li>\n<li data-section-id=\"1f0urnl\" data-start=\"399\" data-end=\"437\">Poign\u00e9es en papier torsad\u00e9 solides<\/li>\n<li data-section-id=\"vvwwqb\" data-start=\"438\" data-end=\"494\">Id\u00e9al pour bonbons, petits jouets et cadeaux invit\u00e9s<\/li>\n<li data-section-id=\"1gat6a5\" data-start=\"495\" data-end=\"551\">Parfait pour anniversaires et f\u00eates \u00e0 th\u00e8me football<\/li>\n<\/ul>","protected":false},"featured_media":22998,"comment_status":"open","ping_status":"closed","template":"","meta":[],"product_brand":[],"product_cat":[334,265],"product_tag":[],"class_list":{"0":"post-22997","1":"product","2":"type-product","3":"status-publish","4":"has-post-thumbnail","6":"product_cat-football","7":"product_cat-sacs-cadeaux","9":"first","10":"instock","11":"virtual","12":"purchasable","13":"product-type-simple"},"_links":{"self":[{"href":"https:\/\/somefunstore.com\/en\/wp-json\/wp\/v2\/product\/22997","targetHints":{"allow":["GET"]}}],"collection":[{"href":"https:\/\/somefunstore.com\/en\/wp-json\/wp\/v2\/product"}],"about":[{"href":"https:\/\/somefunstore.com\/en\/wp-json\/wp\/v2\/types\/product"}],"replies":[{"embeddable":true,"href":"https:\/\/somefunstore.com\/en\/wp-json\/wp\/v2\/comments?post=22997"}],"wp:featuredmedia":[{"embeddable":true,"href":"https:\/\/somefunstore.com\/en\/wp-json\/wp\/v2\/media\/22998"}],"wp:attachment":[{"href":"https:\/\/somefunstore.com\/en\/wp-json\/wp\/v2\/media?parent=22997"}],"wp:term":[{"taxonomy":"product_brand","embeddable":true,"href":"https:\/\/somefunstore.com\/en\/wp-json\/wp\/v2\/product_brand?post=22997"},{"taxonomy":"product_cat","embeddable":true,"href":"https:\/\/somefunstore.com\/en\/wp-json\/wp\/v2\/product_cat?post=22997"},{"taxonomy":"product_tag","embeddable":true,"href":"https:\/\/somefunstore.com\/en\/wp-json\/wp\/v2\/product_tag?post=22997"}],"curies":[{"name":"wp","href":"https:\/\/api.w.org\/{rel}","templated":true}]}}