{"id":23003,"date":"2026-04-13T11:23:45","date_gmt":"2026-04-13T11:23:45","guid":{"rendered":"https:\/\/somefunstore.com\/?post_type=product&#038;p=23003"},"modified":"2026-04-13T11:23:45","modified_gmt":"2026-04-13T11:23:45","slug":"kit-vaisselle-cerises","status":"publish","type":"product","link":"https:\/\/somefunstore.com\/en\/shop\/themes-occasions\/anniversaires\/par-themes\/cerise\/kit-vaisselle-cerises\/","title":{"rendered":"Kit vaisselle cerises"},"content":{"rendered":"","protected":false},"excerpt":{"rendered":"<p data-start=\"50\" data-end=\"287\">Apportez une touche fra\u00eeche et gourmande \u00e0 votre table avec ce kit vaisselle au motif cerise. Avec ses d\u00e9tails d\u00e9licats et ses touches de rouge \u00e9clatant, il est parfait pour cr\u00e9er une ambiance chic, joyeuse et tendance lors de vos f\u00eates. Ce kit est compos\u00e9 de :<\/p>\n<ul data-start=\"305\" data-end=\"601\">\n<li data-section-id=\"oj81b6\" data-start=\"305\" data-end=\"342\">8 grandes assiettes motif cerises<\/li>\n<li data-section-id=\"13b30ny\" data-start=\"343\" data-end=\"378\">8 assiettes \u00e0 dessert assorties<\/li>\n<li data-section-id=\"19yfl0x\" data-start=\"379\" data-end=\"404\">8 gobelets coordonn\u00e9s<\/li>\n<li data-section-id=\"1sn5ob0\" data-start=\"405\" data-end=\"448\">10 grandes serviettes imprim\u00e9es cerises<\/li>\n<li data-section-id=\"1w2aliu\" data-start=\"449\" data-end=\"487\">10 petites serviettes rouges unies<\/li>\n<li data-section-id=\"1r1bwjq\" data-start=\"488\" data-end=\"544\">Design \u00e9l\u00e9gant avec bord festonn\u00e9 et imprim\u00e9 d\u00e9licat<\/li>\n<li data-section-id=\"1iw7ihl\" data-start=\"545\" data-end=\"601\">Id\u00e9al pour anniversaires, baby shower et f\u00eates girly<\/li>\n<\/ul>","protected":false},"featured_media":23004,"comment_status":"open","ping_status":"closed","template":"","meta":[],"product_brand":[],"product_cat":[248,335,240],"product_tag":[],"class_list":{"0":"post-23003","1":"product","2":"type-product","3":"status-publish","4":"has-post-thumbnail","6":"product_cat-assiettes","7":"product_cat-cerise","8":"product_cat-kit-vaisselles","10":"first","11":"instock","12":"virtual","13":"purchasable","14":"product-type-simple"},"_links":{"self":[{"href":"https:\/\/somefunstore.com\/en\/wp-json\/wp\/v2\/product\/23003","targetHints":{"allow":["GET"]}}],"collection":[{"href":"https:\/\/somefunstore.com\/en\/wp-json\/wp\/v2\/product"}],"about":[{"href":"https:\/\/somefunstore.com\/en\/wp-json\/wp\/v2\/types\/product"}],"replies":[{"embeddable":true,"href":"https:\/\/somefunstore.com\/en\/wp-json\/wp\/v2\/comments?post=23003"}],"wp:featuredmedia":[{"embeddable":true,"href":"https:\/\/somefunstore.com\/en\/wp-json\/wp\/v2\/media\/23004"}],"wp:attachment":[{"href":"https:\/\/somefunstore.com\/en\/wp-json\/wp\/v2\/media?parent=23003"}],"wp:term":[{"taxonomy":"product_brand","embeddable":true,"href":"https:\/\/somefunstore.com\/en\/wp-json\/wp\/v2\/product_brand?post=23003"},{"taxonomy":"product_cat","embeddable":true,"href":"https:\/\/somefunstore.com\/en\/wp-json\/wp\/v2\/product_cat?post=23003"},{"taxonomy":"product_tag","embeddable":true,"href":"https:\/\/somefunstore.com\/en\/wp-json\/wp\/v2\/product_tag?post=23003"}],"curies":[{"name":"wp","href":"https:\/\/api.w.org\/{rel}","templated":true}]}}