{"id":23085,"date":"2026-04-14T12:48:13","date_gmt":"2026-04-14T12:48:13","guid":{"rendered":"https:\/\/somefunstore.com\/?post_type=product&#038;p=23085"},"modified":"2026-04-14T12:48:13","modified_gmt":"2026-04-14T12:48:13","slug":"assiettes-a-dessert-a-rayures-jaunes-x8","status":"publish","type":"product","link":"https:\/\/somefunstore.com\/en\/shop\/themes-occasions\/anniversaires\/par-themes\/mix-match\/assiettes-a-dessert-a-rayures-jaunes-x8\/","title":{"rendered":"Assiettes \u00e0 dessert \u00e0 rayures jaunes x8"},"content":{"rendered":"","protected":false},"excerpt":{"rendered":"<p data-start=\"122\" data-end=\"328\">Apportez une touche lumineuse et \u00e9l\u00e9gante \u00e0 votre table avec ces assiettes \u00e0 dessert aux motifs rayonnants jaune et blanc. Parfaites pour cr\u00e9er une ambiance fra\u00eeche et festive lors de toutes vos c\u00e9l\u00e9brations.<\/p>\n<ul data-start=\"344\" data-end=\"567\">\n<li data-section-id=\"1ew5wwl\" data-start=\"344\" data-end=\"374\">Lot de 8 grandes assiettes<\/li>\n<li data-section-id=\"172bxjm\" data-start=\"375\" data-end=\"438\">Motif rayures soleil jaune et blanc avec finition bord dor\u00e9<\/li>\n<li data-section-id=\"vv5hq2\" data-start=\"439\" data-end=\"487\">Id\u00e9ales pour servir g\u00e2teaux ou snacks<\/li>\n<li data-section-id=\"15rt77o\" data-start=\"488\" data-end=\"567\">Parfaites pour anniversaires, baby showers, pique-niques ou f\u00eates estivales<\/li>\n<\/ul>","protected":false},"featured_media":23086,"comment_status":"open","ping_status":"closed","template":"","meta":[],"product_brand":[],"product_cat":[248,327,331,297],"product_tag":[],"class_list":{"0":"post-23085","1":"product","2":"type-product","3":"status-publish","4":"has-post-thumbnail","6":"product_cat-assiettes","7":"product_cat-mix-match","8":"product_cat-paques","9":"product_cat-soleil","11":"first","12":"instock","13":"virtual","14":"purchasable","15":"product-type-simple"},"_links":{"self":[{"href":"https:\/\/somefunstore.com\/en\/wp-json\/wp\/v2\/product\/23085","targetHints":{"allow":["GET"]}}],"collection":[{"href":"https:\/\/somefunstore.com\/en\/wp-json\/wp\/v2\/product"}],"about":[{"href":"https:\/\/somefunstore.com\/en\/wp-json\/wp\/v2\/types\/product"}],"replies":[{"embeddable":true,"href":"https:\/\/somefunstore.com\/en\/wp-json\/wp\/v2\/comments?post=23085"}],"wp:featuredmedia":[{"embeddable":true,"href":"https:\/\/somefunstore.com\/en\/wp-json\/wp\/v2\/media\/23086"}],"wp:attachment":[{"href":"https:\/\/somefunstore.com\/en\/wp-json\/wp\/v2\/media?parent=23085"}],"wp:term":[{"taxonomy":"product_brand","embeddable":true,"href":"https:\/\/somefunstore.com\/en\/wp-json\/wp\/v2\/product_brand?post=23085"},{"taxonomy":"product_cat","embeddable":true,"href":"https:\/\/somefunstore.com\/en\/wp-json\/wp\/v2\/product_cat?post=23085"},{"taxonomy":"product_tag","embeddable":true,"href":"https:\/\/somefunstore.com\/en\/wp-json\/wp\/v2\/product_tag?post=23085"}],"curies":[{"name":"wp","href":"https:\/\/api.w.org\/{rel}","templated":true}]}}