{"id":23089,"date":"2026-04-14T12:53:46","date_gmt":"2026-04-14T12:53:46","guid":{"rendered":"https:\/\/somefunstore.com\/?post_type=product&#038;p=23089"},"modified":"2026-04-14T12:53:46","modified_gmt":"2026-04-14T12:53:46","slug":"gobelets-a-rayures-jaunes-x8","status":"publish","type":"product","link":"https:\/\/somefunstore.com\/en\/shop\/themes-occasions\/anniversaires\/par-themes\/mix-match\/gobelets-a-rayures-jaunes-x8\/","title":{"rendered":"Gobelets \u00e0 rayures jaunes x8"},"content":{"rendered":"","protected":false},"excerpt":{"rendered":"<p data-start=\"143\" data-end=\"358\">Apportez une touche lumineuse et \u00e9l\u00e9gante \u00e0 votre table avec ces gobelets aux rayures jaune et blanc, sublim\u00e9s par une finition dor\u00e9e brillante sur le bord. Parfaits pour cr\u00e9er une d\u00e9coration harmonieuse et festive.<\/p>\n<ul data-start=\"374\" data-end=\"583\">\n<li data-section-id=\"e9p3bb\" data-start=\"374\" data-end=\"395\">Lot de 8 gobelets<\/li>\n<li data-section-id=\"ntlmh8\" data-start=\"396\" data-end=\"428\">Motif rayures jaune et blanc<\/li>\n<li data-section-id=\"6qaomj\" data-start=\"429\" data-end=\"460\">Bordure dor\u00e9e effet premium<\/li>\n<li data-section-id=\"k0chij\" data-start=\"461\" data-end=\"504\">Id\u00e9als pour boissons froides ou chaudes<\/li>\n<li data-section-id=\"d6502y\" data-start=\"505\" data-end=\"583\">Parfaits pour anniversaires, baby showers, pique-niques et f\u00eates estivales<\/li>\n<\/ul>","protected":false},"featured_media":23096,"comment_status":"open","ping_status":"closed","template":"","meta":[],"product_brand":[],"product_cat":[252,327,297],"product_tag":[],"class_list":{"0":"post-23089","1":"product","2":"type-product","3":"status-publish","4":"has-post-thumbnail","6":"product_cat-gobelets","7":"product_cat-mix-match","8":"product_cat-soleil","10":"first","11":"instock","12":"virtual","13":"purchasable","14":"product-type-simple"},"_links":{"self":[{"href":"https:\/\/somefunstore.com\/en\/wp-json\/wp\/v2\/product\/23089","targetHints":{"allow":["GET"]}}],"collection":[{"href":"https:\/\/somefunstore.com\/en\/wp-json\/wp\/v2\/product"}],"about":[{"href":"https:\/\/somefunstore.com\/en\/wp-json\/wp\/v2\/types\/product"}],"replies":[{"embeddable":true,"href":"https:\/\/somefunstore.com\/en\/wp-json\/wp\/v2\/comments?post=23089"}],"wp:featuredmedia":[{"embeddable":true,"href":"https:\/\/somefunstore.com\/en\/wp-json\/wp\/v2\/media\/23096"}],"wp:attachment":[{"href":"https:\/\/somefunstore.com\/en\/wp-json\/wp\/v2\/media?parent=23089"}],"wp:term":[{"taxonomy":"product_brand","embeddable":true,"href":"https:\/\/somefunstore.com\/en\/wp-json\/wp\/v2\/product_brand?post=23089"},{"taxonomy":"product_cat","embeddable":true,"href":"https:\/\/somefunstore.com\/en\/wp-json\/wp\/v2\/product_cat?post=23089"},{"taxonomy":"product_tag","embeddable":true,"href":"https:\/\/somefunstore.com\/en\/wp-json\/wp\/v2\/product_tag?post=23089"}],"curies":[{"name":"wp","href":"https:\/\/api.w.org\/{rel}","templated":true}]}}