{"id":23101,"date":"2026-04-14T12:59:18","date_gmt":"2026-04-14T12:59:18","guid":{"rendered":"https:\/\/somefunstore.com\/?post_type=product&#038;p=23101"},"modified":"2026-04-14T12:59:18","modified_gmt":"2026-04-14T12:59:18","slug":"serviettes-a-rayures-jaunes-x16","status":"publish","type":"product","link":"https:\/\/somefunstore.com\/en\/shop\/themes-occasions\/anniversaires\/par-themes\/mix-match\/serviettes-a-rayures-jaunes-x16\/","title":{"rendered":"Serviettes \u00e0 rayures jaunes x16"},"content":{"rendered":"","protected":false},"excerpt":{"rendered":"<p data-start=\"129\" data-end=\"334\">Apportez une touche lumineuse et raffin\u00e9e \u00e0 votre table avec ces serviettes aux rayures jaune et blanc au motif rayonnant. Parfaites pour compl\u00e9ter une d\u00e9coration estivale, \u00e9l\u00e9gante et pleine de fra\u00eecheur.<\/p>\n<ul data-start=\"350\" data-end=\"487\">\n<li data-section-id=\"goxf1t\" data-start=\"350\" data-end=\"374\">Lot de 16 serviettes<\/li>\n<li data-section-id=\"5286m4\" data-start=\"375\" data-end=\"414\">Motif rayures soleil jaune et blanc<\/li>\n<li data-section-id=\"1ofw1o0\" data-start=\"451\" data-end=\"487\">Douces, absorbantes et pratiques<\/li>\n<\/ul>","protected":false},"featured_media":23114,"comment_status":"open","ping_status":"closed","template":"","meta":[],"product_brand":[],"product_cat":[327,331,256,297],"product_tag":[],"class_list":{"0":"post-23101","1":"product","2":"type-product","3":"status-publish","4":"has-post-thumbnail","6":"product_cat-mix-match","7":"product_cat-paques","8":"product_cat-serviettes","9":"product_cat-soleil","11":"first","12":"instock","13":"virtual","14":"purchasable","15":"product-type-simple"},"_links":{"self":[{"href":"https:\/\/somefunstore.com\/en\/wp-json\/wp\/v2\/product\/23101","targetHints":{"allow":["GET"]}}],"collection":[{"href":"https:\/\/somefunstore.com\/en\/wp-json\/wp\/v2\/product"}],"about":[{"href":"https:\/\/somefunstore.com\/en\/wp-json\/wp\/v2\/types\/product"}],"replies":[{"embeddable":true,"href":"https:\/\/somefunstore.com\/en\/wp-json\/wp\/v2\/comments?post=23101"}],"wp:featuredmedia":[{"embeddable":true,"href":"https:\/\/somefunstore.com\/en\/wp-json\/wp\/v2\/media\/23114"}],"wp:attachment":[{"href":"https:\/\/somefunstore.com\/en\/wp-json\/wp\/v2\/media?parent=23101"}],"wp:term":[{"taxonomy":"product_brand","embeddable":true,"href":"https:\/\/somefunstore.com\/en\/wp-json\/wp\/v2\/product_brand?post=23101"},{"taxonomy":"product_cat","embeddable":true,"href":"https:\/\/somefunstore.com\/en\/wp-json\/wp\/v2\/product_cat?post=23101"},{"taxonomy":"product_tag","embeddable":true,"href":"https:\/\/somefunstore.com\/en\/wp-json\/wp\/v2\/product_tag?post=23101"}],"curies":[{"name":"wp","href":"https:\/\/api.w.org\/{rel}","templated":true}]}}