{"id":23115,"date":"2026-04-14T13:05:07","date_gmt":"2026-04-14T13:05:07","guid":{"rendered":"https:\/\/somefunstore.com\/?post_type=product&#038;p=23115"},"modified":"2026-04-14T13:05:07","modified_gmt":"2026-04-14T13:05:07","slug":"kit-vaisselle-a-rayures-jaunes","status":"publish","type":"product","link":"https:\/\/somefunstore.com\/en\/shop\/themes-occasions\/anniversaires\/par-themes\/mix-match\/kit-vaisselle-a-rayures-jaunes\/","title":{"rendered":"Kit vaisselle \u00e0 rayures jaunes"},"content":{"rendered":"","protected":false},"excerpt":{"rendered":"<p data-start=\"134\" data-end=\"327\">Cr\u00e9ez une table lumineuse et \u00e9l\u00e9gante en un clin d\u2019\u0153il avec ce kit complet aux rayures jaune et blanc. Parfaitement assorti, il apporte une touche chic et ensoleill\u00e9e \u00e0 toutes vos c\u00e9l\u00e9brations.<\/p>\n<ul data-start=\"351\" data-end=\"485\">\n<li data-section-id=\"c7wcgc\" data-start=\"351\" data-end=\"386\">1 pr\u00e9sentoir \u00e0 g\u00e2teaux 3 \u00e9tages<\/li>\n<li data-section-id=\"1v0gnf9\" data-start=\"387\" data-end=\"432\">8 grandes assiettes<\/li>\n<li data-section-id=\"15spml4\" data-start=\"433\" data-end=\"485\">8 assiettes \u00e0 desserts<\/li>\n<li data-section-id=\"15spml4\" data-start=\"433\" data-end=\"485\">8 gobelets<\/li>\n<li data-section-id=\"15spml4\" data-start=\"433\" data-end=\"485\">16 serviettes<\/li>\n<\/ul>","protected":false},"featured_media":23117,"comment_status":"open","ping_status":"closed","template":"","meta":[],"product_brand":[],"product_cat":[276,240,327,331,297],"product_tag":[],"class_list":{"0":"post-23115","1":"product","2":"type-product","3":"status-publish","4":"has-post-thumbnail","6":"product_cat-baby-shower","7":"product_cat-kit-vaisselles","8":"product_cat-mix-match","9":"product_cat-paques","10":"product_cat-soleil","12":"first","13":"instock","14":"virtual","15":"purchasable","16":"product-type-simple"},"_links":{"self":[{"href":"https:\/\/somefunstore.com\/en\/wp-json\/wp\/v2\/product\/23115","targetHints":{"allow":["GET"]}}],"collection":[{"href":"https:\/\/somefunstore.com\/en\/wp-json\/wp\/v2\/product"}],"about":[{"href":"https:\/\/somefunstore.com\/en\/wp-json\/wp\/v2\/types\/product"}],"replies":[{"embeddable":true,"href":"https:\/\/somefunstore.com\/en\/wp-json\/wp\/v2\/comments?post=23115"}],"wp:featuredmedia":[{"embeddable":true,"href":"https:\/\/somefunstore.com\/en\/wp-json\/wp\/v2\/media\/23117"}],"wp:attachment":[{"href":"https:\/\/somefunstore.com\/en\/wp-json\/wp\/v2\/media?parent=23115"}],"wp:term":[{"taxonomy":"product_brand","embeddable":true,"href":"https:\/\/somefunstore.com\/en\/wp-json\/wp\/v2\/product_brand?post=23115"},{"taxonomy":"product_cat","embeddable":true,"href":"https:\/\/somefunstore.com\/en\/wp-json\/wp\/v2\/product_cat?post=23115"},{"taxonomy":"product_tag","embeddable":true,"href":"https:\/\/somefunstore.com\/en\/wp-json\/wp\/v2\/product_tag?post=23115"}],"curies":[{"name":"wp","href":"https:\/\/api.w.org\/{rel}","templated":true}]}}