{"id":23345,"date":"2026-04-15T09:01:27","date_gmt":"2026-04-15T09:01:27","guid":{"rendered":"https:\/\/somefunstore.com\/?post_type=product&#038;p=23345"},"modified":"2026-04-15T11:38:38","modified_gmt":"2026-04-15T11:38:38","slug":"tailles-crayons-bear-cheese","status":"publish","type":"product","link":"https:\/\/somefunstore.com\/en\/shop\/le-store\/les-cadeaux-de-retour\/petite-papeterie\/tailles-crayons-bear-cheese\/","title":{"rendered":"Tailles-crayons Bear cheese x2"},"content":{"rendered":"","protected":false},"excerpt":{"rendered":"<p data-start=\"113\" data-end=\"319\">Craquez pour ces adorables tailles-crayons en forme de petit ourson ! \u00c0 la fois pratiques et ultra mignons, ils sont parfaits comme cadeaux de retour pour un anniversaire ou pour \u00e9gayer une trousse d\u2019\u00e9cole.<\/p>\n<ul data-start=\"321\" data-end=\"713\">\n<li data-section-id=\"1swhl06\" data-start=\"321\" data-end=\"349\">Lot de 2 tailles-crayons<\/li>\n<li data-section-id=\"8fhyo0\" data-start=\"350\" data-end=\"408\">2 designs d\u2019oursons diff\u00e9rents (beige, marron, jaune\u2026)<\/li>\n<li data-section-id=\"1kppjec\" data-start=\"409\" data-end=\"466\">Design kawaii avec petit d\u00e9tail \u201cfromage\u201d sur la t\u00eate<\/li>\n<li data-section-id=\"83or0k\" data-start=\"467\" data-end=\"520\">Avec r\u00e9servoir int\u00e9gr\u00e9 pour r\u00e9cup\u00e9rer les copeaux<\/li>\n<li data-section-id=\"1h8yf00\" data-start=\"521\" data-end=\"572\">Format compact, id\u00e9al pour les trousses d\u2019\u00e9cole<\/li>\n<li data-section-id=\"c4468q\" data-start=\"573\" data-end=\"619\">Parfait comme cadeau de retour (goody bag)<\/li>\n<li data-section-id=\"16e9arq\" data-start=\"620\" data-end=\"688\">Id\u00e9al pour anniversaires, activit\u00e9s cr\u00e9atives ou usage quotidien<\/li>\n<li data-section-id=\"1h3mhab\" data-start=\"689\" data-end=\"713\">Convient aux enfants<\/li>\n<\/ul>","protected":false},"featured_media":23482,"comment_status":"open","ping_status":"closed","template":"","meta":[],"product_brand":[],"product_cat":[336],"product_tag":[],"class_list":{"0":"post-23345","1":"product","2":"type-product","3":"status-publish","4":"has-post-thumbnail","6":"product_cat-petite-papeterie","8":"first","9":"instock","10":"virtual","11":"purchasable","12":"product-type-simple"},"_links":{"self":[{"href":"https:\/\/somefunstore.com\/en\/wp-json\/wp\/v2\/product\/23345","targetHints":{"allow":["GET"]}}],"collection":[{"href":"https:\/\/somefunstore.com\/en\/wp-json\/wp\/v2\/product"}],"about":[{"href":"https:\/\/somefunstore.com\/en\/wp-json\/wp\/v2\/types\/product"}],"replies":[{"embeddable":true,"href":"https:\/\/somefunstore.com\/en\/wp-json\/wp\/v2\/comments?post=23345"}],"wp:featuredmedia":[{"embeddable":true,"href":"https:\/\/somefunstore.com\/en\/wp-json\/wp\/v2\/media\/23482"}],"wp:attachment":[{"href":"https:\/\/somefunstore.com\/en\/wp-json\/wp\/v2\/media?parent=23345"}],"wp:term":[{"taxonomy":"product_brand","embeddable":true,"href":"https:\/\/somefunstore.com\/en\/wp-json\/wp\/v2\/product_brand?post=23345"},{"taxonomy":"product_cat","embeddable":true,"href":"https:\/\/somefunstore.com\/en\/wp-json\/wp\/v2\/product_cat?post=23345"},{"taxonomy":"product_tag","embeddable":true,"href":"https:\/\/somefunstore.com\/en\/wp-json\/wp\/v2\/product_tag?post=23345"}],"curies":[{"name":"wp","href":"https:\/\/api.w.org\/{rel}","templated":true}]}}