{"id":23348,"date":"2026-04-15T09:08:08","date_gmt":"2026-04-15T09:08:08","guid":{"rendered":"https:\/\/somefunstore.com\/?post_type=product&#038;p=23348"},"modified":"2026-04-15T09:13:35","modified_gmt":"2026-04-15T09:13:35","slug":"gommes-animaux-de-la-ferme","status":"publish","type":"product","link":"https:\/\/somefunstore.com\/en\/shop\/themes-occasions\/anniversaires\/par-themes\/animaux-de-la-ferme\/gommes-animaux-de-la-ferme\/","title":{"rendered":"Gommes animaux de la ferme"},"content":{"rendered":"","protected":false},"excerpt":{"rendered":"<p data-start=\"92\" data-end=\"279\">Rendez les devoirs plus amusants avec ces adorables gommes en forme d\u2019animaux de la ferme ! Ludiques et color\u00e9es, elles sont parfaites pour les enfants et id\u00e9ales comme cadeaux de retour.<\/p>\n<ul data-start=\"281\" data-end=\"720\">\n<li data-section-id=\"qzsm35\" data-start=\"281\" data-end=\"376\">Lot de 5 gommes en forme d\u2019animaux de la ferme (mouton, cheval, singe, chien, cochon, poule\u2026)<\/li>\n<li data-section-id=\"u7scdp\" data-start=\"377\" data-end=\"430\">Design mignon et d\u00e9taill\u00e9 pour plaire aux enfants<\/li>\n<li data-section-id=\"mugnrt\" data-start=\"431\" data-end=\"488\">Gommes d\u00e9montables type \u201cDIY\u201d pour encore plus de fun<\/li>\n<li data-section-id=\"tjus\" data-start=\"489\" data-end=\"530\">Effacent efficacement tout en douceur<\/li>\n<li data-section-id=\"119i172\" data-start=\"531\" data-end=\"584\">Format compact, facile \u00e0 glisser dans une trousse<\/li>\n<li data-section-id=\"sjkvg4\" data-start=\"585\" data-end=\"634\">Parfaites comme cadeaux de retour (goody bag)<\/li>\n<li data-section-id=\"lisvex\" data-start=\"635\" data-end=\"695\">Id\u00e9ales pour anniversaires, \u00e9cole ou activit\u00e9s cr\u00e9atives<\/li>\n<li data-section-id=\"1h3mhab\" data-start=\"696\" data-end=\"720\">Convient aux enfants<\/li>\n<\/ul>","protected":false},"featured_media":23349,"comment_status":"open","ping_status":"closed","template":"","meta":[],"product_brand":[],"product_cat":[279,336],"product_tag":[],"class_list":{"0":"post-23348","1":"product","2":"type-product","3":"status-publish","4":"has-post-thumbnail","6":"product_cat-animaux-de-la-ferme","7":"product_cat-petite-papeterie","9":"first","10":"instock","11":"virtual","12":"purchasable","13":"product-type-simple"},"_links":{"self":[{"href":"https:\/\/somefunstore.com\/en\/wp-json\/wp\/v2\/product\/23348","targetHints":{"allow":["GET"]}}],"collection":[{"href":"https:\/\/somefunstore.com\/en\/wp-json\/wp\/v2\/product"}],"about":[{"href":"https:\/\/somefunstore.com\/en\/wp-json\/wp\/v2\/types\/product"}],"replies":[{"embeddable":true,"href":"https:\/\/somefunstore.com\/en\/wp-json\/wp\/v2\/comments?post=23348"}],"wp:featuredmedia":[{"embeddable":true,"href":"https:\/\/somefunstore.com\/en\/wp-json\/wp\/v2\/media\/23349"}],"wp:attachment":[{"href":"https:\/\/somefunstore.com\/en\/wp-json\/wp\/v2\/media?parent=23348"}],"wp:term":[{"taxonomy":"product_brand","embeddable":true,"href":"https:\/\/somefunstore.com\/en\/wp-json\/wp\/v2\/product_brand?post=23348"},{"taxonomy":"product_cat","embeddable":true,"href":"https:\/\/somefunstore.com\/en\/wp-json\/wp\/v2\/product_cat?post=23348"},{"taxonomy":"product_tag","embeddable":true,"href":"https:\/\/somefunstore.com\/en\/wp-json\/wp\/v2\/product_tag?post=23348"}],"curies":[{"name":"wp","href":"https:\/\/api.w.org\/{rel}","templated":true}]}}