{"id":23350,"date":"2026-04-15T09:12:52","date_gmt":"2026-04-15T09:12:52","guid":{"rendered":"https:\/\/somefunstore.com\/?post_type=product&#038;p=23350"},"modified":"2026-04-15T09:12:53","modified_gmt":"2026-04-15T09:12:53","slug":"gommes-robot-x2","status":"publish","type":"product","link":"https:\/\/somefunstore.com\/en\/shop\/le-store\/les-cadeaux-de-retour\/petite-papeterie\/gommes-robot-x2\/","title":{"rendered":"Gommes robot x2"},"content":{"rendered":"","protected":false},"excerpt":{"rendered":"<p data-start=\"92\" data-end=\"244\">Faites le plein d\u2019aventure avec ces gommes en forme de robots ! Un design fun et original qui plaira \u00e0 tous les petits fans de super-h\u00e9ros et de robots.<\/p>\n<ul data-start=\"246\" data-end=\"640\">\n<li data-section-id=\"l4p62k\" data-start=\"246\" data-end=\"284\">Lot de 2 gommes en forme de robots<\/li>\n<li data-section-id=\"1b43ctr\" data-start=\"285\" data-end=\"333\">2 designs diff\u00e9rents pour encore plus de fun<\/li>\n<li data-section-id=\"1ssxshy\" data-start=\"334\" data-end=\"376\">Style \u201csuper robot\u201d color\u00e9 et d\u00e9taill\u00e9<\/li>\n<li data-section-id=\"1jga707\" data-start=\"377\" data-end=\"410\">Gommes d\u00e9montables type \u201cDIY\u201d<\/li>\n<li data-section-id=\"12t8a5g\" data-start=\"411\" data-end=\"458\">Effacent efficacement sans ab\u00eemer le papier<\/li>\n<li data-section-id=\"10umvh\" data-start=\"459\" data-end=\"504\">Format pratique pour les trousses d\u2019\u00e9cole<\/li>\n<li data-section-id=\"sjkvg4\" data-start=\"505\" data-end=\"554\">Parfaites comme cadeaux de retour (goody bag)<\/li>\n<li data-section-id=\"lisvex\" data-start=\"555\" data-end=\"615\">Id\u00e9ales pour anniversaires, \u00e9cole ou activit\u00e9s cr\u00e9atives<\/li>\n<li data-section-id=\"1h3mhab\" data-start=\"616\" data-end=\"640\">Convient aux enfants<\/li>\n<\/ul>","protected":false},"featured_media":23351,"comment_status":"open","ping_status":"closed","template":"","meta":[],"product_brand":[],"product_cat":[336],"product_tag":[],"class_list":{"0":"post-23350","1":"product","2":"type-product","3":"status-publish","4":"has-post-thumbnail","6":"product_cat-petite-papeterie","8":"first","9":"instock","10":"virtual","11":"purchasable","12":"product-type-simple"},"_links":{"self":[{"href":"https:\/\/somefunstore.com\/en\/wp-json\/wp\/v2\/product\/23350","targetHints":{"allow":["GET"]}}],"collection":[{"href":"https:\/\/somefunstore.com\/en\/wp-json\/wp\/v2\/product"}],"about":[{"href":"https:\/\/somefunstore.com\/en\/wp-json\/wp\/v2\/types\/product"}],"replies":[{"embeddable":true,"href":"https:\/\/somefunstore.com\/en\/wp-json\/wp\/v2\/comments?post=23350"}],"wp:featuredmedia":[{"embeddable":true,"href":"https:\/\/somefunstore.com\/en\/wp-json\/wp\/v2\/media\/23351"}],"wp:attachment":[{"href":"https:\/\/somefunstore.com\/en\/wp-json\/wp\/v2\/media?parent=23350"}],"wp:term":[{"taxonomy":"product_brand","embeddable":true,"href":"https:\/\/somefunstore.com\/en\/wp-json\/wp\/v2\/product_brand?post=23350"},{"taxonomy":"product_cat","embeddable":true,"href":"https:\/\/somefunstore.com\/en\/wp-json\/wp\/v2\/product_cat?post=23350"},{"taxonomy":"product_tag","embeddable":true,"href":"https:\/\/somefunstore.com\/en\/wp-json\/wp\/v2\/product_tag?post=23350"}],"curies":[{"name":"wp","href":"https:\/\/api.w.org\/{rel}","templated":true}]}}