{"id":23353,"date":"2026-04-15T09:18:09","date_gmt":"2026-04-15T09:18:09","guid":{"rendered":"https:\/\/somefunstore.com\/?post_type=product&#038;p=23353"},"modified":"2026-04-15T11:35:51","modified_gmt":"2026-04-15T11:35:51","slug":"tailles-crayons-emoji-x2","status":"publish","type":"product","link":"https:\/\/somefunstore.com\/en\/shop\/le-store\/les-cadeaux-de-retour\/petite-papeterie\/tailles-crayons-emoji-x2\/","title":{"rendered":"Tailles-crayons emoji x2"},"content":{"rendered":"","protected":false},"excerpt":{"rendered":"<p data-start=\"87\" data-end=\"245\">Ajoutez une touche d\u2019humour \u00e0 la trousse des enfants avec ces tailles-crayons au design d\u00e9cal\u00e9 et ultra fun ! Parfaits pour faire rire et utiles au quotidien.<\/p>\n<ul data-start=\"247\" data-end=\"606\">\n<li data-section-id=\"xvlfyo\" data-start=\"247\" data-end=\"275\">Lot de 2 tailles-crayons<\/li>\n<li data-section-id=\"k7s0om\" data-start=\"276\" data-end=\"327\">2 designs diff\u00e9rents avec expressions amusantes<\/li>\n<li data-section-id=\"2by40y\" data-start=\"328\" data-end=\"371\">Design original et ludique en forme fun<\/li>\n<li data-section-id=\"83or0k\" data-start=\"372\" data-end=\"425\">Avec r\u00e9servoir int\u00e9gr\u00e9 pour r\u00e9cup\u00e9rer les copeaux<\/li>\n<li data-section-id=\"1h8yf00\" data-start=\"426\" data-end=\"477\">Format compact, id\u00e9al pour les trousses d\u2019\u00e9cole<\/li>\n<li data-section-id=\"c4468q\" data-start=\"478\" data-end=\"524\">Parfait comme cadeau de retour (goody bag)<\/li>\n<li data-section-id=\"162b8ud\" data-start=\"525\" data-end=\"581\">Id\u00e9al pour anniversaires, \u00e9cole ou petites surprises<\/li>\n<li data-section-id=\"1h3mhab\" data-start=\"582\" data-end=\"606\">Convient aux enfants<\/li>\n<\/ul>","protected":false},"featured_media":23480,"comment_status":"open","ping_status":"closed","template":"","meta":[],"product_brand":[],"product_cat":[336],"product_tag":[],"class_list":{"0":"post-23353","1":"product","2":"type-product","3":"status-publish","4":"has-post-thumbnail","6":"product_cat-petite-papeterie","8":"first","9":"instock","10":"virtual","11":"purchasable","12":"product-type-simple"},"_links":{"self":[{"href":"https:\/\/somefunstore.com\/en\/wp-json\/wp\/v2\/product\/23353","targetHints":{"allow":["GET"]}}],"collection":[{"href":"https:\/\/somefunstore.com\/en\/wp-json\/wp\/v2\/product"}],"about":[{"href":"https:\/\/somefunstore.com\/en\/wp-json\/wp\/v2\/types\/product"}],"replies":[{"embeddable":true,"href":"https:\/\/somefunstore.com\/en\/wp-json\/wp\/v2\/comments?post=23353"}],"wp:featuredmedia":[{"embeddable":true,"href":"https:\/\/somefunstore.com\/en\/wp-json\/wp\/v2\/media\/23480"}],"wp:attachment":[{"href":"https:\/\/somefunstore.com\/en\/wp-json\/wp\/v2\/media?parent=23353"}],"wp:term":[{"taxonomy":"product_brand","embeddable":true,"href":"https:\/\/somefunstore.com\/en\/wp-json\/wp\/v2\/product_brand?post=23353"},{"taxonomy":"product_cat","embeddable":true,"href":"https:\/\/somefunstore.com\/en\/wp-json\/wp\/v2\/product_cat?post=23353"},{"taxonomy":"product_tag","embeddable":true,"href":"https:\/\/somefunstore.com\/en\/wp-json\/wp\/v2\/product_tag?post=23353"}],"curies":[{"name":"wp","href":"https:\/\/api.w.org\/{rel}","templated":true}]}}