{"id":23457,"date":"2026-04-15T11:04:26","date_gmt":"2026-04-15T11:04:26","guid":{"rendered":"https:\/\/somefunstore.com\/?post_type=product&#038;p=23457"},"modified":"2026-04-15T11:04:26","modified_gmt":"2026-04-15T11:04:26","slug":"surligneurs-kawaii-x6","status":"publish","type":"product","link":"https:\/\/somefunstore.com\/en\/shop\/le-store\/les-cadeaux-de-retour\/petite-papeterie\/surligneurs-kawaii-x6\/","title":{"rendered":"Surligneurs kawaii x6"},"content":{"rendered":"","protected":false},"excerpt":{"rendered":"<p data-start=\"119\" data-end=\"320\">Craquez pour ce lot de 6 surligneurs aux adorables personnages kawaii ! Parfaits pour apporter une touche fun et color\u00e9e \u00e0 l\u2019\u00e9cole ou au bureau, ils sont aussi id\u00e9als comme petits cadeaux pour enfants.<\/p>\n<ul data-start=\"322\" data-end=\"690\">\n<li data-section-id=\"1v5fa7q\" data-start=\"322\" data-end=\"365\">Lot de 6 surligneurs personnages kawaii<\/li>\n<li data-section-id=\"1pt8vpc\" data-start=\"366\" data-end=\"434\">6 couleurs diff\u00e9rentes (jaune, vert, bleu, violet, rose, orange)<\/li>\n<li data-section-id=\"172btp0\" data-start=\"435\" data-end=\"504\">Design mignon avec petits personnages styl\u00e9s (inspiration kawaii)<\/li>\n<li data-section-id=\"84z847\" data-start=\"505\" data-end=\"556\">Encre fluide pour un surlignage net et uniforme<\/li>\n<li data-section-id=\"el9wjf\" data-start=\"557\" data-end=\"604\">Format pratique et facile \u00e0 prendre en main<\/li>\n<li data-section-id=\"p3wy78\" data-start=\"605\" data-end=\"690\">Id\u00e9al pour cadeaux de retour, anniversaires, rentr\u00e9e scolaire et loisirs cr\u00e9atifs<\/li>\n<\/ul>","protected":false},"featured_media":23458,"comment_status":"open","ping_status":"closed","template":"","meta":[],"product_brand":[],"product_cat":[336],"product_tag":[],"class_list":{"0":"post-23457","1":"product","2":"type-product","3":"status-publish","4":"has-post-thumbnail","6":"product_cat-petite-papeterie","8":"first","9":"instock","10":"virtual","11":"purchasable","12":"product-type-simple"},"_links":{"self":[{"href":"https:\/\/somefunstore.com\/en\/wp-json\/wp\/v2\/product\/23457","targetHints":{"allow":["GET"]}}],"collection":[{"href":"https:\/\/somefunstore.com\/en\/wp-json\/wp\/v2\/product"}],"about":[{"href":"https:\/\/somefunstore.com\/en\/wp-json\/wp\/v2\/types\/product"}],"replies":[{"embeddable":true,"href":"https:\/\/somefunstore.com\/en\/wp-json\/wp\/v2\/comments?post=23457"}],"wp:featuredmedia":[{"embeddable":true,"href":"https:\/\/somefunstore.com\/en\/wp-json\/wp\/v2\/media\/23458"}],"wp:attachment":[{"href":"https:\/\/somefunstore.com\/en\/wp-json\/wp\/v2\/media?parent=23457"}],"wp:term":[{"taxonomy":"product_brand","embeddable":true,"href":"https:\/\/somefunstore.com\/en\/wp-json\/wp\/v2\/product_brand?post=23457"},{"taxonomy":"product_cat","embeddable":true,"href":"https:\/\/somefunstore.com\/en\/wp-json\/wp\/v2\/product_cat?post=23457"},{"taxonomy":"product_tag","embeddable":true,"href":"https:\/\/somefunstore.com\/en\/wp-json\/wp\/v2\/product_tag?post=23457"}],"curies":[{"name":"wp","href":"https:\/\/api.w.org\/{rel}","templated":true}]}}