{"id":23461,"date":"2026-04-15T11:10:41","date_gmt":"2026-04-15T11:10:41","guid":{"rendered":"https:\/\/somefunstore.com\/?post_type=product&#038;p=23461"},"modified":"2026-04-15T11:10:41","modified_gmt":"2026-04-15T11:10:41","slug":"taille-crayons-sirenes-x2","status":"publish","type":"product","link":"https:\/\/somefunstore.com\/en\/shop\/themes-occasions\/anniversaires\/par-themes\/sirenes\/taille-crayons-sirenes-x2\/","title":{"rendered":"Taille-crayons sir\u00e8nes x2"},"content":{"rendered":"","protected":false},"excerpt":{"rendered":"<p data-start=\"87\" data-end=\"262\">Craquez pour ce duo de taille-crayons en forme de sir\u00e8ne, \u00e0 la fois pratiques et adorables ! Parfaits pour accompagner les enfants \u00e0 l\u2019\u00e9cole ou comme petits cadeaux originaux.<\/p>\n<ul data-start=\"264\" data-end=\"620\">\n<li data-section-id=\"1a5lcj2\" data-start=\"264\" data-end=\"316\">Lot de 2 taille-crayons sir\u00e8ne (1 jaune, 1 bleu)<\/li>\n<li data-section-id=\"1p0p0nc\" data-start=\"317\" data-end=\"372\">Design mignon avec petite sir\u00e8ne aux d\u00e9tails pastel<\/li>\n<li data-section-id=\"1c7m1nd\" data-start=\"373\" data-end=\"426\">Lame int\u00e9gr\u00e9e pour un taillage pr\u00e9cis et efficace<\/li>\n<li data-section-id=\"jerrqj\" data-start=\"427\" data-end=\"480\">Bo\u00eetier avec r\u00e9servoir pour r\u00e9cup\u00e9rer les copeaux<\/li>\n<li data-section-id=\"119i172\" data-start=\"481\" data-end=\"534\">Format compact, facile \u00e0 glisser dans une trousse<\/li>\n<li data-section-id=\"p3wy78\" data-start=\"535\" data-end=\"620\">Id\u00e9al pour cadeaux de retour, anniversaires, rentr\u00e9e scolaire et loisirs cr\u00e9atifs<\/li>\n<\/ul>","protected":false},"featured_media":23462,"comment_status":"open","ping_status":"closed","template":"","meta":[],"product_brand":[],"product_cat":[336,296],"product_tag":[],"class_list":{"0":"post-23461","1":"product","2":"type-product","3":"status-publish","4":"has-post-thumbnail","6":"product_cat-petite-papeterie","7":"product_cat-sirenes","9":"first","10":"instock","11":"virtual","12":"purchasable","13":"product-type-simple"},"_links":{"self":[{"href":"https:\/\/somefunstore.com\/en\/wp-json\/wp\/v2\/product\/23461","targetHints":{"allow":["GET"]}}],"collection":[{"href":"https:\/\/somefunstore.com\/en\/wp-json\/wp\/v2\/product"}],"about":[{"href":"https:\/\/somefunstore.com\/en\/wp-json\/wp\/v2\/types\/product"}],"replies":[{"embeddable":true,"href":"https:\/\/somefunstore.com\/en\/wp-json\/wp\/v2\/comments?post=23461"}],"wp:featuredmedia":[{"embeddable":true,"href":"https:\/\/somefunstore.com\/en\/wp-json\/wp\/v2\/media\/23462"}],"wp:attachment":[{"href":"https:\/\/somefunstore.com\/en\/wp-json\/wp\/v2\/media?parent=23461"}],"wp:term":[{"taxonomy":"product_brand","embeddable":true,"href":"https:\/\/somefunstore.com\/en\/wp-json\/wp\/v2\/product_brand?post=23461"},{"taxonomy":"product_cat","embeddable":true,"href":"https:\/\/somefunstore.com\/en\/wp-json\/wp\/v2\/product_cat?post=23461"},{"taxonomy":"product_tag","embeddable":true,"href":"https:\/\/somefunstore.com\/en\/wp-json\/wp\/v2\/product_tag?post=23461"}],"curies":[{"name":"wp","href":"https:\/\/api.w.org\/{rel}","templated":true}]}}