{"id":23463,"date":"2026-04-15T11:13:53","date_gmt":"2026-04-15T11:13:53","guid":{"rendered":"https:\/\/somefunstore.com\/?post_type=product&#038;p=23463"},"modified":"2026-04-15T11:13:53","modified_gmt":"2026-04-15T11:13:53","slug":"surligneurs-labubu-x6","status":"publish","type":"product","link":"https:\/\/somefunstore.com\/en\/shop\/le-store\/les-cadeaux-de-retour\/petite-papeterie\/surligneurs-labubu-x6\/","title":{"rendered":"Surligneurs Labubu x6"},"content":{"rendered":"","protected":false},"excerpt":{"rendered":"<p data-start=\"98\" data-end=\"303\">Apportez une touche originale et amusante \u00e0 vos fournitures avec ce lot de 6 surligneurs en forme de labubu ! Parfaits pour les enfants comme pour les plus grands, ils allient style et praticit\u00e9.<\/p>\n<ul data-start=\"305\" data-end=\"643\">\n<li data-section-id=\"otkgsb\" data-start=\"305\" data-end=\"335\">Lot de 6 surligneurs lapin<\/li>\n<li data-section-id=\"ebu7og\" data-start=\"336\" data-end=\"404\">6 couleurs diff\u00e9rentes (violet, jaune, rose, orange, bleu, vert)<\/li>\n<li data-section-id=\"57nicw\" data-start=\"512\" data-end=\"557\">Format ergonomique facile \u00e0 tenir en main<\/li>\n<li data-section-id=\"p3wy78\" data-start=\"558\" data-end=\"643\">Id\u00e9al pour cadeaux de retour, anniversaires, rentr\u00e9e scolaire et loisirs cr\u00e9atifs<\/li>\n<\/ul>","protected":false},"featured_media":23464,"comment_status":"open","ping_status":"closed","template":"","meta":[],"product_brand":[],"product_cat":[336],"product_tag":[],"class_list":{"0":"post-23463","1":"product","2":"type-product","3":"status-publish","4":"has-post-thumbnail","6":"product_cat-petite-papeterie","8":"first","9":"instock","10":"virtual","11":"purchasable","12":"product-type-simple"},"_links":{"self":[{"href":"https:\/\/somefunstore.com\/en\/wp-json\/wp\/v2\/product\/23463","targetHints":{"allow":["GET"]}}],"collection":[{"href":"https:\/\/somefunstore.com\/en\/wp-json\/wp\/v2\/product"}],"about":[{"href":"https:\/\/somefunstore.com\/en\/wp-json\/wp\/v2\/types\/product"}],"replies":[{"embeddable":true,"href":"https:\/\/somefunstore.com\/en\/wp-json\/wp\/v2\/comments?post=23463"}],"wp:featuredmedia":[{"embeddable":true,"href":"https:\/\/somefunstore.com\/en\/wp-json\/wp\/v2\/media\/23464"}],"wp:attachment":[{"href":"https:\/\/somefunstore.com\/en\/wp-json\/wp\/v2\/media?parent=23463"}],"wp:term":[{"taxonomy":"product_brand","embeddable":true,"href":"https:\/\/somefunstore.com\/en\/wp-json\/wp\/v2\/product_brand?post=23463"},{"taxonomy":"product_cat","embeddable":true,"href":"https:\/\/somefunstore.com\/en\/wp-json\/wp\/v2\/product_cat?post=23463"},{"taxonomy":"product_tag","embeddable":true,"href":"https:\/\/somefunstore.com\/en\/wp-json\/wp\/v2\/product_tag?post=23463"}],"curies":[{"name":"wp","href":"https:\/\/api.w.org\/{rel}","templated":true}]}}