{"id":23465,"date":"2026-04-15T11:17:01","date_gmt":"2026-04-15T11:17:01","guid":{"rendered":"https:\/\/somefunstore.com\/?post_type=product&#038;p=23465"},"modified":"2026-04-15T11:17:01","modified_gmt":"2026-04-15T11:17:01","slug":"gommes-frites-x2","status":"publish","type":"product","link":"https:\/\/somefunstore.com\/en\/shop\/le-store\/les-cadeaux-de-retour\/petite-papeterie\/gommes-frites-x2\/","title":{"rendered":"Gommes frites x2"},"content":{"rendered":"","protected":false},"excerpt":{"rendered":"<p data-start=\"80\" data-end=\"263\">Ajoutez une touche gourmande et amusante aux fournitures avec ces gommes en forme de frites ! Un design original qui plaira aux enfants et parfait pour des petits cadeaux fun.<\/p>\n<ul data-start=\"265\" data-end=\"630\">\n<li data-section-id=\"vcns0q\" data-start=\"265\" data-end=\"297\">Lot de 2 gommes forme frites<\/li>\n<li data-section-id=\"1fulg6i\" data-start=\"298\" data-end=\"350\">Design original dans un cornet de frites ludique<\/li>\n<li data-section-id=\"kxw4c3\" data-start=\"351\" data-end=\"417\">Gommes efficaces pour effacer proprement sans ab\u00eemer le papier<\/li>\n<li data-section-id=\"1krbioe\" data-start=\"418\" data-end=\"474\">Format pratique, facile \u00e0 manipuler pour les enfants<\/li>\n<li data-section-id=\"1xftffs\" data-start=\"475\" data-end=\"565\">Id\u00e9al pour cadeaux de retour, anniversaires, fournitures scolaires et loisirs cr\u00e9atifs<\/li>\n<li data-section-id=\"e7u6db\" data-start=\"566\" data-end=\"630\">Parfait pour apporter une touche fun et d\u00e9cal\u00e9e \u00e0 la trousse<\/li>\n<\/ul>","protected":false},"featured_media":23466,"comment_status":"open","ping_status":"closed","template":"","meta":[],"product_brand":[],"product_cat":[336],"product_tag":[],"class_list":{"0":"post-23465","1":"product","2":"type-product","3":"status-publish","4":"has-post-thumbnail","6":"product_cat-petite-papeterie","8":"first","9":"instock","10":"virtual","11":"purchasable","12":"product-type-simple"},"_links":{"self":[{"href":"https:\/\/somefunstore.com\/en\/wp-json\/wp\/v2\/product\/23465","targetHints":{"allow":["GET"]}}],"collection":[{"href":"https:\/\/somefunstore.com\/en\/wp-json\/wp\/v2\/product"}],"about":[{"href":"https:\/\/somefunstore.com\/en\/wp-json\/wp\/v2\/types\/product"}],"replies":[{"embeddable":true,"href":"https:\/\/somefunstore.com\/en\/wp-json\/wp\/v2\/comments?post=23465"}],"wp:featuredmedia":[{"embeddable":true,"href":"https:\/\/somefunstore.com\/en\/wp-json\/wp\/v2\/media\/23466"}],"wp:attachment":[{"href":"https:\/\/somefunstore.com\/en\/wp-json\/wp\/v2\/media?parent=23465"}],"wp:term":[{"taxonomy":"product_brand","embeddable":true,"href":"https:\/\/somefunstore.com\/en\/wp-json\/wp\/v2\/product_brand?post=23465"},{"taxonomy":"product_cat","embeddable":true,"href":"https:\/\/somefunstore.com\/en\/wp-json\/wp\/v2\/product_cat?post=23465"},{"taxonomy":"product_tag","embeddable":true,"href":"https:\/\/somefunstore.com\/en\/wp-json\/wp\/v2\/product_tag?post=23465"}],"curies":[{"name":"wp","href":"https:\/\/api.w.org\/{rel}","templated":true}]}}