{"id":23469,"date":"2026-04-15T11:20:57","date_gmt":"2026-04-15T11:20:57","guid":{"rendered":"https:\/\/somefunstore.com\/?post_type=product&#038;p=23469"},"modified":"2026-04-15T11:20:57","modified_gmt":"2026-04-15T11:20:57","slug":"gommes-cirque-x3","status":"publish","type":"product","link":"https:\/\/somefunstore.com\/en\/shop\/themes-occasions\/anniversaires\/par-themes\/cirque\/gommes-cirque-x3\/","title":{"rendered":"Gommes cirque x3"},"content":{"rendered":"","protected":false},"excerpt":{"rendered":"<p data-start=\"87\" data-end=\"252\">Ajoutez une touche festive et color\u00e9e aux fournitures avec ce lot de 3 gommes sur le th\u00e8me du cirque ! Un trio amusant et original qui plaira \u00e0 coup s\u00fbr aux enfants.<\/p>\n<ul data-start=\"254\" data-end=\"642\">\n<li data-section-id=\"1k6gk1n\" data-start=\"254\" data-end=\"311\">Lot de 3 gommes th\u00e8me cirque (\u00e9l\u00e9phant, clown, lapin)<\/li>\n<li data-section-id=\"1fvr2io\" data-start=\"312\" data-end=\"375\">Designs color\u00e9s et ludiques inspir\u00e9s de l\u2019univers du cirque<\/li>\n<li data-section-id=\"kxw4c3\" data-start=\"376\" data-end=\"442\">Gommes efficaces pour effacer proprement sans ab\u00eemer le papier<\/li>\n<li data-section-id=\"5i6w50\" data-start=\"443\" data-end=\"484\">Format pratique et facile \u00e0 manipuler<\/li>\n<li data-section-id=\"1xftffs\" data-start=\"485\" data-end=\"575\">Id\u00e9al pour cadeaux de retour, anniversaires, fournitures scolaires et loisirs cr\u00e9atifs<\/li>\n<li data-section-id=\"hl45vw\" data-start=\"576\" data-end=\"642\">Parfait pour apporter une touche fun et originale \u00e0 la trousse<\/li>\n<\/ul>","protected":false},"featured_media":23470,"comment_status":"open","ping_status":"closed","template":"","meta":[],"product_brand":[],"product_cat":[284,336],"product_tag":[],"class_list":{"0":"post-23469","1":"product","2":"type-product","3":"status-publish","4":"has-post-thumbnail","6":"product_cat-cirque","7":"product_cat-petite-papeterie","9":"first","10":"instock","11":"virtual","12":"purchasable","13":"product-type-simple"},"_links":{"self":[{"href":"https:\/\/somefunstore.com\/en\/wp-json\/wp\/v2\/product\/23469","targetHints":{"allow":["GET"]}}],"collection":[{"href":"https:\/\/somefunstore.com\/en\/wp-json\/wp\/v2\/product"}],"about":[{"href":"https:\/\/somefunstore.com\/en\/wp-json\/wp\/v2\/types\/product"}],"replies":[{"embeddable":true,"href":"https:\/\/somefunstore.com\/en\/wp-json\/wp\/v2\/comments?post=23469"}],"wp:featuredmedia":[{"embeddable":true,"href":"https:\/\/somefunstore.com\/en\/wp-json\/wp\/v2\/media\/23470"}],"wp:attachment":[{"href":"https:\/\/somefunstore.com\/en\/wp-json\/wp\/v2\/media?parent=23469"}],"wp:term":[{"taxonomy":"product_brand","embeddable":true,"href":"https:\/\/somefunstore.com\/en\/wp-json\/wp\/v2\/product_brand?post=23469"},{"taxonomy":"product_cat","embeddable":true,"href":"https:\/\/somefunstore.com\/en\/wp-json\/wp\/v2\/product_cat?post=23469"},{"taxonomy":"product_tag","embeddable":true,"href":"https:\/\/somefunstore.com\/en\/wp-json\/wp\/v2\/product_tag?post=23469"}],"curies":[{"name":"wp","href":"https:\/\/api.w.org\/{rel}","templated":true}]}}