{"id":23473,"date":"2026-04-15T11:25:51","date_gmt":"2026-04-15T11:25:51","guid":{"rendered":"https:\/\/somefunstore.com\/?post_type=product&#038;p=23473"},"modified":"2026-04-15T11:25:51","modified_gmt":"2026-04-15T11:25:51","slug":"gommes-spatiales-x2","status":"publish","type":"product","link":"https:\/\/somefunstore.com\/en\/shop\/themes-occasions\/anniversaires\/par-themes\/astronaute\/gommes-spatiales-x2\/","title":{"rendered":"Gommes spatiales x2"},"content":{"rendered":"","protected":false},"excerpt":{"rendered":"<p data-start=\"80\" data-end=\"227\">Plongez dans l\u2019univers spatial avec ce set de gommes originales sur le th\u00e8me de l\u2019espace ! Un assortiment ludique et color\u00e9 qui ravira les enfants.<\/p>\n<ul data-start=\"229\" data-end=\"615\">\n<li data-section-id=\"1aii26\" data-start=\"229\" data-end=\"292\">Set de gommes th\u00e8me espace (fus\u00e9es, astronaute, satellites)<\/li>\n<li data-section-id=\"198q4w6\" data-start=\"293\" data-end=\"354\">Designs vari\u00e9s et d\u00e9taill\u00e9s inspir\u00e9s de l\u2019univers spatial<\/li>\n<li data-section-id=\"kxw4c3\" data-start=\"355\" data-end=\"421\">Gommes efficaces pour effacer proprement sans ab\u00eemer le papier<\/li>\n<li data-section-id=\"1krbioe\" data-start=\"422\" data-end=\"478\">Format pratique, facile \u00e0 manipuler pour les enfants<\/li>\n<li data-section-id=\"1xftffs\" data-start=\"479\" data-end=\"569\">Id\u00e9al pour cadeaux de retour, anniversaires, fournitures scolaires et loisirs cr\u00e9atifs<\/li>\n<li data-section-id=\"qt4532\" data-start=\"570\" data-end=\"615\">Parfait pour une trousse fun et originale<\/li>\n<\/ul>","protected":false},"featured_media":23474,"comment_status":"open","ping_status":"closed","template":"","meta":[],"product_brand":[],"product_cat":[282,336],"product_tag":[],"class_list":{"0":"post-23473","1":"product","2":"type-product","3":"status-publish","4":"has-post-thumbnail","6":"product_cat-astronaute","7":"product_cat-petite-papeterie","9":"first","10":"instock","11":"virtual","12":"purchasable","13":"product-type-simple"},"_links":{"self":[{"href":"https:\/\/somefunstore.com\/en\/wp-json\/wp\/v2\/product\/23473","targetHints":{"allow":["GET"]}}],"collection":[{"href":"https:\/\/somefunstore.com\/en\/wp-json\/wp\/v2\/product"}],"about":[{"href":"https:\/\/somefunstore.com\/en\/wp-json\/wp\/v2\/types\/product"}],"replies":[{"embeddable":true,"href":"https:\/\/somefunstore.com\/en\/wp-json\/wp\/v2\/comments?post=23473"}],"wp:featuredmedia":[{"embeddable":true,"href":"https:\/\/somefunstore.com\/en\/wp-json\/wp\/v2\/media\/23474"}],"wp:attachment":[{"href":"https:\/\/somefunstore.com\/en\/wp-json\/wp\/v2\/media?parent=23473"}],"wp:term":[{"taxonomy":"product_brand","embeddable":true,"href":"https:\/\/somefunstore.com\/en\/wp-json\/wp\/v2\/product_brand?post=23473"},{"taxonomy":"product_cat","embeddable":true,"href":"https:\/\/somefunstore.com\/en\/wp-json\/wp\/v2\/product_cat?post=23473"},{"taxonomy":"product_tag","embeddable":true,"href":"https:\/\/somefunstore.com\/en\/wp-json\/wp\/v2\/product_tag?post=23473"}],"curies":[{"name":"wp","href":"https:\/\/api.w.org\/{rel}","templated":true}]}}