{"id":23488,"date":"2026-04-15T12:03:03","date_gmt":"2026-04-15T12:03:03","guid":{"rendered":"https:\/\/somefunstore.com\/?post_type=product&#038;p=23488"},"modified":"2026-04-15T12:03:03","modified_gmt":"2026-04-15T12:03:03","slug":"gommes-crayons-ourson-x4","status":"publish","type":"product","link":"https:\/\/somefunstore.com\/en\/shop\/le-store\/les-cadeaux-de-retour\/petite-papeterie\/gommes-crayons-ourson-x4\/","title":{"rendered":"Gommes crayons ourson x4"},"content":{"rendered":"","protected":false},"excerpt":{"rendered":"<p data-start=\"165\" data-end=\"376\">Ajoute une touche fun et color\u00e9e \u00e0 la trousse avec ce lot de gommes en forme de crayons d\u00e9cor\u00e9es d\u2019adorables petits oursons. Pratiques et originales, elles sont parfaites pour l\u2019\u00e9cole ou comme cadeaux de retour.<\/p>\n<ul data-start=\"400\" data-end=\"586\">\n<li data-section-id=\"xlouxg\" data-start=\"400\" data-end=\"419\">Lot de 4 gommes<\/li>\n<li data-section-id=\"1qs5mpr\" data-start=\"420\" data-end=\"458\">Design en forme de crayons color\u00e9s<\/li>\n<li data-section-id=\"buwf4q\" data-start=\"459\" data-end=\"491\">Illustrations oursons kawaii<\/li>\n<li data-section-id=\"6cpu4y\" data-start=\"492\" data-end=\"543\">4 couleurs assorties (rose, orange, bleu, vert)<\/li>\n<li data-section-id=\"1molc18\" data-start=\"544\" data-end=\"586\">Format facile \u00e0 tenir pour les enfants<\/li>\n<\/ul>","protected":false},"featured_media":23489,"comment_status":"open","ping_status":"closed","template":"","meta":[],"product_brand":[],"product_cat":[336],"product_tag":[],"class_list":{"0":"post-23488","1":"product","2":"type-product","3":"status-publish","4":"has-post-thumbnail","6":"product_cat-petite-papeterie","8":"first","9":"instock","10":"virtual","11":"purchasable","12":"product-type-simple"},"_links":{"self":[{"href":"https:\/\/somefunstore.com\/en\/wp-json\/wp\/v2\/product\/23488","targetHints":{"allow":["GET"]}}],"collection":[{"href":"https:\/\/somefunstore.com\/en\/wp-json\/wp\/v2\/product"}],"about":[{"href":"https:\/\/somefunstore.com\/en\/wp-json\/wp\/v2\/types\/product"}],"replies":[{"embeddable":true,"href":"https:\/\/somefunstore.com\/en\/wp-json\/wp\/v2\/comments?post=23488"}],"wp:featuredmedia":[{"embeddable":true,"href":"https:\/\/somefunstore.com\/en\/wp-json\/wp\/v2\/media\/23489"}],"wp:attachment":[{"href":"https:\/\/somefunstore.com\/en\/wp-json\/wp\/v2\/media?parent=23488"}],"wp:term":[{"taxonomy":"product_brand","embeddable":true,"href":"https:\/\/somefunstore.com\/en\/wp-json\/wp\/v2\/product_brand?post=23488"},{"taxonomy":"product_cat","embeddable":true,"href":"https:\/\/somefunstore.com\/en\/wp-json\/wp\/v2\/product_cat?post=23488"},{"taxonomy":"product_tag","embeddable":true,"href":"https:\/\/somefunstore.com\/en\/wp-json\/wp\/v2\/product_tag?post=23488"}],"curies":[{"name":"wp","href":"https:\/\/api.w.org\/{rel}","templated":true}]}}