{"id":23490,"date":"2026-04-15T12:08:21","date_gmt":"2026-04-15T12:08:21","guid":{"rendered":"https:\/\/somefunstore.com\/?post_type=product&#038;p=23490"},"modified":"2026-04-15T12:08:21","modified_gmt":"2026-04-15T12:08:21","slug":"gommes-crayon-licorne-x2","status":"publish","type":"product","link":"https:\/\/somefunstore.com\/en\/shop\/themes-occasions\/anniversaires\/par-themes\/licornes\/gommes-crayon-licorne-x2\/","title":{"rendered":"Gommes crayon licorne x2"},"content":{"rendered":"","protected":false},"excerpt":{"rendered":"<p data-start=\"85\" data-end=\"306\">Ajoute une touche magique \u00e0 la trousse avec ce duo de gommes en forme de crayons d\u00e9cor\u00e9es de jolies licornes color\u00e9es. Id\u00e9ales comme cadeaux de retour pour un anniversaire ou une f\u00eate, elles feront le bonheur des enfants.<\/p>\n<ul data-start=\"332\" data-end=\"521\">\n<li data-section-id=\"yxivv6\" data-start=\"332\" data-end=\"351\">Lot de 2 gommes<\/li>\n<li data-section-id=\"1x1n25r\" data-start=\"352\" data-end=\"378\">Forme crayon originale<\/li>\n<li data-section-id=\"i8l7nj\" data-start=\"379\" data-end=\"416\">Design licorne color\u00e9 et f\u00e9erique<\/li>\n<li data-section-id=\"3it5jh\" data-start=\"417\" data-end=\"456\">Couleurs assorties (rose et violet)<\/li>\n<li data-section-id=\"16rf02k\" data-start=\"457\" data-end=\"521\">Format pratique et facile \u00e0 prendre en main pour les enfants<\/li>\n<\/ul>","protected":false},"featured_media":23497,"comment_status":"open","ping_status":"closed","template":"","meta":[],"product_brand":[],"product_cat":[292,336],"product_tag":[],"class_list":{"0":"post-23490","1":"product","2":"type-product","3":"status-publish","4":"has-post-thumbnail","6":"product_cat-licornes","7":"product_cat-petite-papeterie","9":"first","10":"instock","11":"virtual","12":"purchasable","13":"product-type-simple"},"_links":{"self":[{"href":"https:\/\/somefunstore.com\/en\/wp-json\/wp\/v2\/product\/23490","targetHints":{"allow":["GET"]}}],"collection":[{"href":"https:\/\/somefunstore.com\/en\/wp-json\/wp\/v2\/product"}],"about":[{"href":"https:\/\/somefunstore.com\/en\/wp-json\/wp\/v2\/types\/product"}],"replies":[{"embeddable":true,"href":"https:\/\/somefunstore.com\/en\/wp-json\/wp\/v2\/comments?post=23490"}],"wp:featuredmedia":[{"embeddable":true,"href":"https:\/\/somefunstore.com\/en\/wp-json\/wp\/v2\/media\/23497"}],"wp:attachment":[{"href":"https:\/\/somefunstore.com\/en\/wp-json\/wp\/v2\/media?parent=23490"}],"wp:term":[{"taxonomy":"product_brand","embeddable":true,"href":"https:\/\/somefunstore.com\/en\/wp-json\/wp\/v2\/product_brand?post=23490"},{"taxonomy":"product_cat","embeddable":true,"href":"https:\/\/somefunstore.com\/en\/wp-json\/wp\/v2\/product_cat?post=23490"},{"taxonomy":"product_tag","embeddable":true,"href":"https:\/\/somefunstore.com\/en\/wp-json\/wp\/v2\/product_tag?post=23490"}],"curies":[{"name":"wp","href":"https:\/\/api.w.org\/{rel}","templated":true}]}}