{"id":23501,"date":"2026-04-15T12:11:19","date_gmt":"2026-04-15T12:11:19","guid":{"rendered":"https:\/\/somefunstore.com\/?post_type=product&#038;p=23501"},"modified":"2026-04-15T12:11:19","modified_gmt":"2026-04-15T12:11:19","slug":"gommes-crayon-super-heros-x4","status":"publish","type":"product","link":"https:\/\/somefunstore.com\/en\/shop\/themes-occasions\/anniversaires\/par-themes\/supers-heros\/gommes-crayon-super-heros-x4\/","title":{"rendered":"Gommes crayon super-h\u00e9ros x4"},"content":{"rendered":"","protected":false},"excerpt":{"rendered":"<p data-start=\"39\" data-end=\"260\">Ajoute une touche fun et dynamique \u00e0 la trousse avec ces gommes en forme de crayons d\u00e9cor\u00e9es de super h\u00e9ros color\u00e9s. Id\u00e9ales comme cadeaux de retour pour un anniversaire ou une f\u00eate, elles plairont \u00e0 coup s\u00fbr aux enfants.<\/p>\n<ul data-start=\"286\" data-end=\"434\">\n<li data-section-id=\"bcw1kk\" data-start=\"286\" data-end=\"316\">Gommes en forme de crayons<\/li>\n<li data-section-id=\"bcw1kk\" data-start=\"286\" data-end=\"316\">Lot de 4 gommes<\/li>\n<li data-section-id=\"gmztvk\" data-start=\"317\" data-end=\"346\">Design super h\u00e9ros color\u00e9<\/li>\n<li data-section-id=\"1c6jonv\" data-start=\"347\" data-end=\"369\">Couleurs assorties<\/li>\n<li data-section-id=\"16rf02k\" data-start=\"370\" data-end=\"434\">Format pratique et facile \u00e0 prendre en main pour les enfants<\/li>\n<\/ul>","protected":false},"featured_media":23502,"comment_status":"open","ping_status":"closed","template":"","meta":[],"product_brand":[],"product_cat":[336,298],"product_tag":[],"class_list":{"0":"post-23501","1":"product","2":"type-product","3":"status-publish","4":"has-post-thumbnail","6":"product_cat-petite-papeterie","7":"product_cat-supers-heros","9":"first","10":"instock","11":"virtual","12":"purchasable","13":"product-type-simple"},"_links":{"self":[{"href":"https:\/\/somefunstore.com\/en\/wp-json\/wp\/v2\/product\/23501","targetHints":{"allow":["GET"]}}],"collection":[{"href":"https:\/\/somefunstore.com\/en\/wp-json\/wp\/v2\/product"}],"about":[{"href":"https:\/\/somefunstore.com\/en\/wp-json\/wp\/v2\/types\/product"}],"replies":[{"embeddable":true,"href":"https:\/\/somefunstore.com\/en\/wp-json\/wp\/v2\/comments?post=23501"}],"wp:featuredmedia":[{"embeddable":true,"href":"https:\/\/somefunstore.com\/en\/wp-json\/wp\/v2\/media\/23502"}],"wp:attachment":[{"href":"https:\/\/somefunstore.com\/en\/wp-json\/wp\/v2\/media?parent=23501"}],"wp:term":[{"taxonomy":"product_brand","embeddable":true,"href":"https:\/\/somefunstore.com\/en\/wp-json\/wp\/v2\/product_brand?post=23501"},{"taxonomy":"product_cat","embeddable":true,"href":"https:\/\/somefunstore.com\/en\/wp-json\/wp\/v2\/product_cat?post=23501"},{"taxonomy":"product_tag","embeddable":true,"href":"https:\/\/somefunstore.com\/en\/wp-json\/wp\/v2\/product_tag?post=23501"}],"curies":[{"name":"wp","href":"https:\/\/api.w.org\/{rel}","templated":true}]}}