{"id":23503,"date":"2026-04-15T12:17:52","date_gmt":"2026-04-15T12:17:52","guid":{"rendered":"https:\/\/somefunstore.com\/?post_type=product&#038;p=23503"},"modified":"2026-04-15T12:17:52","modified_gmt":"2026-04-15T12:17:52","slug":"gommes-ourson-fraise-x2","status":"publish","type":"product","link":"https:\/\/somefunstore.com\/en\/shop\/le-store\/les-cadeaux-de-retour\/petite-papeterie\/gommes-ourson-fraise-x2\/","title":{"rendered":"Gommes ourson fraise x2"},"content":{"rendered":"","protected":false},"excerpt":{"rendered":"<p data-start=\"35\" data-end=\"235\">Craque pour ces adorables gommes en forme de petits oursons avec leur fraise sur la t\u00eate. \u00c0 la fois mignonnes et pratiques, elles sont id\u00e9ales comme cadeaux de retour pour un anniversaire ou une f\u00eate.<\/p>\n<ul data-start=\"261\" data-end=\"456\">\n<li data-section-id=\"yxivv6\" data-start=\"261\" data-end=\"280\">Lot de 2 gommes<\/li>\n<li data-section-id=\"eeznfr\" data-start=\"281\" data-end=\"316\">Forme ourson avec d\u00e9tail fraise<\/li>\n<li data-section-id=\"1uoc8ou\" data-start=\"317\" data-end=\"346\">Design kawaii et gourmand<\/li>\n<li data-section-id=\"1wmyxjz\" data-start=\"347\" data-end=\"391\">Couleurs assorties (rose clair et rouge)<\/li>\n<li data-section-id=\"16rf02k\" data-start=\"392\" data-end=\"456\">Format pratique et facile \u00e0 prendre en main pour les enfants<\/li>\n<\/ul>","protected":false},"featured_media":23504,"comment_status":"open","ping_status":"closed","template":"","meta":[],"product_brand":[],"product_cat":[336],"product_tag":[],"class_list":{"0":"post-23503","1":"product","2":"type-product","3":"status-publish","4":"has-post-thumbnail","6":"product_cat-petite-papeterie","8":"first","9":"instock","10":"virtual","11":"purchasable","12":"product-type-simple"},"_links":{"self":[{"href":"https:\/\/somefunstore.com\/en\/wp-json\/wp\/v2\/product\/23503","targetHints":{"allow":["GET"]}}],"collection":[{"href":"https:\/\/somefunstore.com\/en\/wp-json\/wp\/v2\/product"}],"about":[{"href":"https:\/\/somefunstore.com\/en\/wp-json\/wp\/v2\/types\/product"}],"replies":[{"embeddable":true,"href":"https:\/\/somefunstore.com\/en\/wp-json\/wp\/v2\/comments?post=23503"}],"wp:featuredmedia":[{"embeddable":true,"href":"https:\/\/somefunstore.com\/en\/wp-json\/wp\/v2\/media\/23504"}],"wp:attachment":[{"href":"https:\/\/somefunstore.com\/en\/wp-json\/wp\/v2\/media?parent=23503"}],"wp:term":[{"taxonomy":"product_brand","embeddable":true,"href":"https:\/\/somefunstore.com\/en\/wp-json\/wp\/v2\/product_brand?post=23503"},{"taxonomy":"product_cat","embeddable":true,"href":"https:\/\/somefunstore.com\/en\/wp-json\/wp\/v2\/product_cat?post=23503"},{"taxonomy":"product_tag","embeddable":true,"href":"https:\/\/somefunstore.com\/en\/wp-json\/wp\/v2\/product_tag?post=23503"}],"curies":[{"name":"wp","href":"https:\/\/api.w.org\/{rel}","templated":true}]}}