{"id":23542,"date":"2026-04-15T12:43:43","date_gmt":"2026-04-15T12:43:43","guid":{"rendered":"https:\/\/somefunstore.com\/?post_type=product&#038;p=23542"},"modified":"2026-04-15T12:43:43","modified_gmt":"2026-04-15T12:43:43","slug":"gommes-crayon-pattes-de-chats-x4","status":"publish","type":"product","link":"https:\/\/somefunstore.com\/en\/shop\/themes-occasions\/anniversaires\/par-themes\/animaux-de-la-ferme\/gommes-crayon-pattes-de-chats-x4\/","title":{"rendered":"Gommes crayon pattes de chats x4"},"content":{"rendered":"","protected":false},"excerpt":{"rendered":"<p data-start=\"38\" data-end=\"256\">Ajoute une touche fun et originale \u00e0 la trousse avec ces gommes en forme de crayons d\u00e9cor\u00e9es de petites pattes de chat. Color\u00e9es et ludiques, elles sont id\u00e9ales comme cadeaux de retour pour un anniversaire ou une f\u00eate.<\/p>\n<ul data-start=\"282\" data-end=\"479\">\n<li data-section-id=\"bcw1kk\" data-start=\"282\" data-end=\"312\">Lot de 4 gommes en forme de crayons<\/li>\n<li data-section-id=\"jsovi6\" data-start=\"313\" data-end=\"345\">Design pattes de chat kawaii<\/li>\n<li data-section-id=\"1c6jonv\" data-start=\"346\" data-end=\"368\">Couleurs assorties<\/li>\n<li data-section-id=\"1ij0z7e\" data-start=\"369\" data-end=\"414\">Motifs fun (c\u0153urs, pattes, illustrations)<\/li>\n<li data-section-id=\"16rf02k\" data-start=\"415\" data-end=\"479\">Format pratique et facile \u00e0 prendre en main pour les enfants<\/li>\n<\/ul>","protected":false},"featured_media":23543,"comment_status":"open","ping_status":"closed","template":"","meta":[],"product_brand":[],"product_cat":[279,336],"product_tag":[],"class_list":{"0":"post-23542","1":"product","2":"type-product","3":"status-publish","4":"has-post-thumbnail","6":"product_cat-animaux-de-la-ferme","7":"product_cat-petite-papeterie","9":"first","10":"instock","11":"virtual","12":"purchasable","13":"product-type-simple"},"_links":{"self":[{"href":"https:\/\/somefunstore.com\/en\/wp-json\/wp\/v2\/product\/23542","targetHints":{"allow":["GET"]}}],"collection":[{"href":"https:\/\/somefunstore.com\/en\/wp-json\/wp\/v2\/product"}],"about":[{"href":"https:\/\/somefunstore.com\/en\/wp-json\/wp\/v2\/types\/product"}],"replies":[{"embeddable":true,"href":"https:\/\/somefunstore.com\/en\/wp-json\/wp\/v2\/comments?post=23542"}],"wp:featuredmedia":[{"embeddable":true,"href":"https:\/\/somefunstore.com\/en\/wp-json\/wp\/v2\/media\/23543"}],"wp:attachment":[{"href":"https:\/\/somefunstore.com\/en\/wp-json\/wp\/v2\/media?parent=23542"}],"wp:term":[{"taxonomy":"product_brand","embeddable":true,"href":"https:\/\/somefunstore.com\/en\/wp-json\/wp\/v2\/product_brand?post=23542"},{"taxonomy":"product_cat","embeddable":true,"href":"https:\/\/somefunstore.com\/en\/wp-json\/wp\/v2\/product_cat?post=23542"},{"taxonomy":"product_tag","embeddable":true,"href":"https:\/\/somefunstore.com\/en\/wp-json\/wp\/v2\/product_tag?post=23542"}],"curies":[{"name":"wp","href":"https:\/\/api.w.org\/{rel}","templated":true}]}}