{"id":23544,"date":"2026-04-15T12:46:11","date_gmt":"2026-04-15T12:46:11","guid":{"rendered":"https:\/\/somefunstore.com\/?post_type=product&#038;p=23544"},"modified":"2026-04-15T12:46:11","modified_gmt":"2026-04-15T12:46:11","slug":"surligneurs-animaux-de-la-ferme-x6","status":"publish","type":"product","link":"https:\/\/somefunstore.com\/en\/shop\/themes-occasions\/anniversaires\/par-themes\/animaux-de-la-ferme\/surligneurs-animaux-de-la-ferme-x6\/","title":{"rendered":"Surligneurs animaux de la ferme x6"},"content":{"rendered":"","protected":false},"excerpt":{"rendered":"<p data-start=\"46\" data-end=\"273\">Apporte une touche ludique \u00e0 la trousse avec ce lot de surligneurs d\u00e9cor\u00e9s d\u2019adorables animaux de la ferme. Color\u00e9s et amusants, ils sont parfaits pour l\u2019\u00e9cole et id\u00e9als comme cadeaux de retour pour un anniversaire ou une f\u00eate.<\/p>\n<ul data-start=\"299\" data-end=\"476\">\n<li data-section-id=\"h21k0x\" data-start=\"299\" data-end=\"323\">Lot de 6 surligneurs<\/li>\n<li data-section-id=\"1wrctcq\" data-start=\"324\" data-end=\"365\">Embouts animaux (vache, cochon, etc.)<\/li>\n<li data-section-id=\"1lt16gd\" data-start=\"366\" data-end=\"390\">6 couleurs assorties<\/li>\n<li data-section-id=\"1i3hjz7\" data-start=\"391\" data-end=\"418\">Design kawaii et color\u00e9<\/li>\n<li data-section-id=\"1xx5167\" data-start=\"419\" data-end=\"476\">Format pratique et facile \u00e0 utiliser pour les enfants<\/li>\n<\/ul>","protected":false},"featured_media":23546,"comment_status":"open","ping_status":"closed","template":"","meta":[],"product_brand":[],"product_cat":[279,336],"product_tag":[],"class_list":{"0":"post-23544","1":"product","2":"type-product","3":"status-publish","4":"has-post-thumbnail","6":"product_cat-animaux-de-la-ferme","7":"product_cat-petite-papeterie","9":"first","10":"instock","11":"virtual","12":"purchasable","13":"product-type-simple"},"_links":{"self":[{"href":"https:\/\/somefunstore.com\/en\/wp-json\/wp\/v2\/product\/23544","targetHints":{"allow":["GET"]}}],"collection":[{"href":"https:\/\/somefunstore.com\/en\/wp-json\/wp\/v2\/product"}],"about":[{"href":"https:\/\/somefunstore.com\/en\/wp-json\/wp\/v2\/types\/product"}],"replies":[{"embeddable":true,"href":"https:\/\/somefunstore.com\/en\/wp-json\/wp\/v2\/comments?post=23544"}],"wp:featuredmedia":[{"embeddable":true,"href":"https:\/\/somefunstore.com\/en\/wp-json\/wp\/v2\/media\/23546"}],"wp:attachment":[{"href":"https:\/\/somefunstore.com\/en\/wp-json\/wp\/v2\/media?parent=23544"}],"wp:term":[{"taxonomy":"product_brand","embeddable":true,"href":"https:\/\/somefunstore.com\/en\/wp-json\/wp\/v2\/product_brand?post=23544"},{"taxonomy":"product_cat","embeddable":true,"href":"https:\/\/somefunstore.com\/en\/wp-json\/wp\/v2\/product_cat?post=23544"},{"taxonomy":"product_tag","embeddable":true,"href":"https:\/\/somefunstore.com\/en\/wp-json\/wp\/v2\/product_tag?post=23544"}],"curies":[{"name":"wp","href":"https:\/\/api.w.org\/{rel}","templated":true}]}}