{"id":24002,"date":"2026-04-17T09:44:57","date_gmt":"2026-04-17T09:44:57","guid":{"rendered":"https:\/\/somefunstore.com\/?post_type=product&#038;p=24002"},"modified":"2026-04-17T09:44:57","modified_gmt":"2026-04-17T09:44:57","slug":"kit-vaisselle-peppa-pig","status":"publish","type":"product","link":"https:\/\/somefunstore.com\/en\/shop\/themes-occasions\/anniversaires\/par-personnage\/peppa-pig\/kit-vaisselle-peppa-pig\/","title":{"rendered":"Kit vaisselle Peppa pig"},"content":{"rendered":"","protected":false},"excerpt":{"rendered":"<p data-start=\"133\" data-end=\"315\">Cr\u00e9ez une f\u00eate color\u00e9e et pleine de bonne humeur avec ce kit Peppa Pig ! Id\u00e9al pour un anniversaire d\u2019enfant, il apporte une touche ludique et festive \u00e0 votre table en un clin d&rsquo;\u0153il. Ce kit est compos\u00e9 de :<\/p>\n<ul>\n<li data-start=\"133\" data-end=\"315\">10 grandes assiettes<\/li>\n<li data-start=\"133\" data-end=\"315\">10 assiettes \u00e0 dessert<\/li>\n<li data-start=\"133\" data-end=\"315\">10 gobelets<\/li>\n<li data-start=\"133\" data-end=\"315\">20 serviettes<\/li>\n<\/ul>","protected":false},"featured_media":24003,"comment_status":"open","ping_status":"closed","template":"","meta":[],"product_brand":[],"product_cat":[240,301],"product_tag":[],"class_list":{"0":"post-24002","1":"product","2":"type-product","3":"status-publish","4":"has-post-thumbnail","6":"product_cat-kit-vaisselles","7":"product_cat-peppa-pig","9":"first","10":"instock","11":"virtual","12":"purchasable","13":"product-type-simple"},"_links":{"self":[{"href":"https:\/\/somefunstore.com\/en\/wp-json\/wp\/v2\/product\/24002","targetHints":{"allow":["GET"]}}],"collection":[{"href":"https:\/\/somefunstore.com\/en\/wp-json\/wp\/v2\/product"}],"about":[{"href":"https:\/\/somefunstore.com\/en\/wp-json\/wp\/v2\/types\/product"}],"replies":[{"embeddable":true,"href":"https:\/\/somefunstore.com\/en\/wp-json\/wp\/v2\/comments?post=24002"}],"wp:featuredmedia":[{"embeddable":true,"href":"https:\/\/somefunstore.com\/en\/wp-json\/wp\/v2\/media\/24003"}],"wp:attachment":[{"href":"https:\/\/somefunstore.com\/en\/wp-json\/wp\/v2\/media?parent=24002"}],"wp:term":[{"taxonomy":"product_brand","embeddable":true,"href":"https:\/\/somefunstore.com\/en\/wp-json\/wp\/v2\/product_brand?post=24002"},{"taxonomy":"product_cat","embeddable":true,"href":"https:\/\/somefunstore.com\/en\/wp-json\/wp\/v2\/product_cat?post=24002"},{"taxonomy":"product_tag","embeddable":true,"href":"https:\/\/somefunstore.com\/en\/wp-json\/wp\/v2\/product_tag?post=24002"}],"curies":[{"name":"wp","href":"https:\/\/api.w.org\/{rel}","templated":true}]}}