{"id":24506,"date":"2026-04-20T09:19:04","date_gmt":"2026-04-20T09:19:04","guid":{"rendered":"https:\/\/somefunstore.com\/?post_type=product&#038;p=24506"},"modified":"2026-04-20T09:19:04","modified_gmt":"2026-04-20T09:19:04","slug":"sacs-cadeaux-super-heros-x12","status":"publish","type":"product","link":"https:\/\/somefunstore.com\/en\/shop\/themes-occasions\/anniversaires\/par-themes\/supers-heros\/sacs-cadeaux-super-heros-x12\/","title":{"rendered":"Sacs cadeaux super-h\u00e9ros x12"},"content":{"rendered":"","protected":false},"excerpt":{"rendered":"<p data-start=\"114\" data-end=\"273\">Ajoute une touche fun et dynamique \u00e0 tes f\u00eates avec ces sacs cadeaux au design inspir\u00e9 des comics ! Parfaits pour les anniversaires sur le th\u00e8me super h\u00e9ros \ud83c\udf89<\/p>\n<ul data-start=\"300\" data-end=\"530\">\n<li data-section-id=\"19cxsj4\" data-start=\"300\" data-end=\"330\">Lot de 12 sacs cadeaux<\/li>\n<li data-section-id=\"x8k53t\" data-start=\"331\" data-end=\"398\">Design pop art avec inscriptions : <em data-start=\"368\" data-end=\"373\">POW<\/em>, <em data-start=\"375\" data-end=\"380\">ZAP<\/em>, <em data-start=\"382\" data-end=\"388\">BOOM<\/em>, <em data-start=\"390\" data-end=\"396\">WHAM<\/em><\/li>\n<li data-section-id=\"4t75y0\" data-start=\"399\" data-end=\"459\">Couleurs vives et attractives (bleu, rouge, jaune, noir)<\/li>\n<li data-section-id=\"1rlqfy9\" data-start=\"460\" data-end=\"530\">Id\u00e9al pour anniversaires enfants, f\u00eates \u00e0 th\u00e8me, cadeaux invit\u00e9s<\/li>\n<li data-section-id=\"1ntnoa0\" data-start=\"552\" data-end=\"575\">Dimensions : 21 x 15 x 18 cm<\/li>\n<li data-section-id=\"1euh4hi\" data-start=\"576\" data-end=\"631\">Format parfait pour bonbons, petits jouets et cadeaux<\/li>\n<\/ul>","protected":false},"featured_media":24507,"comment_status":"open","ping_status":"closed","template":"","meta":[],"product_brand":[],"product_cat":[265,298],"product_tag":[],"class_list":{"0":"post-24506","1":"product","2":"type-product","3":"status-publish","4":"has-post-thumbnail","6":"product_cat-sacs-cadeaux","7":"product_cat-supers-heros","9":"first","10":"instock","11":"virtual","12":"purchasable","13":"product-type-simple"},"_links":{"self":[{"href":"https:\/\/somefunstore.com\/en\/wp-json\/wp\/v2\/product\/24506","targetHints":{"allow":["GET"]}}],"collection":[{"href":"https:\/\/somefunstore.com\/en\/wp-json\/wp\/v2\/product"}],"about":[{"href":"https:\/\/somefunstore.com\/en\/wp-json\/wp\/v2\/types\/product"}],"replies":[{"embeddable":true,"href":"https:\/\/somefunstore.com\/en\/wp-json\/wp\/v2\/comments?post=24506"}],"wp:featuredmedia":[{"embeddable":true,"href":"https:\/\/somefunstore.com\/en\/wp-json\/wp\/v2\/media\/24507"}],"wp:attachment":[{"href":"https:\/\/somefunstore.com\/en\/wp-json\/wp\/v2\/media?parent=24506"}],"wp:term":[{"taxonomy":"product_brand","embeddable":true,"href":"https:\/\/somefunstore.com\/en\/wp-json\/wp\/v2\/product_brand?post=24506"},{"taxonomy":"product_cat","embeddable":true,"href":"https:\/\/somefunstore.com\/en\/wp-json\/wp\/v2\/product_cat?post=24506"},{"taxonomy":"product_tag","embeddable":true,"href":"https:\/\/somefunstore.com\/en\/wp-json\/wp\/v2\/product_tag?post=24506"}],"curies":[{"name":"wp","href":"https:\/\/api.w.org\/{rel}","templated":true}]}}