{"id":24508,"date":"2026-04-20T09:44:06","date_gmt":"2026-04-20T09:44:06","guid":{"rendered":"https:\/\/somefunstore.com\/?post_type=product&#038;p=24508"},"modified":"2026-04-20T09:44:06","modified_gmt":"2026-04-20T09:44:06","slug":"pinata-reine-des-neiges","status":"publish","type":"product","link":"https:\/\/somefunstore.com\/en\/shop\/themes-occasions\/anniversaires\/par-personnage\/reine-des-neiges\/pinata-reine-des-neiges\/","title":{"rendered":"Pinata reine des neiges"},"content":{"rendered":"","protected":false},"excerpt":{"rendered":"<p data-start=\"0\" data-end=\"316\">Apportez une touche magique \u00e0 votre f\u00eate avec cette pinata sur le th\u00e8me Reine des Neiges. Parfaite pour un anniversaire d\u2019enfant, elle promet un moment ludique et convivial. Son design color\u00e9 et f\u00e9erique s\u00e9duira tous les petits invit\u00e9s et cr\u00e9era une animation inoubliable.<\/p>\n<ul data-start=\"318\" data-end=\"589\" data-is-last-node=\"\" data-is-only-node=\"\">\n<li data-section-id=\"13th2hj\" data-start=\"318\" data-end=\"350\">Dimensions : 90 \u00d7 44 \u00d7 10 cm<\/li>\n<li data-section-id=\"cr0yuu\" data-start=\"380\" data-end=\"436\">Contenu : 1 pinata, 1 b\u00e2ton, 1 bandeau pour les yeux<\/li>\n<li data-section-id=\"1ghv9k9\" data-start=\"437\" data-end=\"484\">\u00c0 remplir avec bonbons, jouets ou surprises<\/li>\n<li data-section-id=\"1snbxrz\" data-start=\"485\" data-end=\"536\">Facile \u00e0 suspendre gr\u00e2ce \u00e0 son attache int\u00e9gr\u00e9e<\/li>\n<li data-section-id=\"18h5lko\" data-start=\"537\" data-end=\"589\" data-is-last-node=\"\">Adapt\u00e9e aux anniversaires et f\u00eates \u00e0 th\u00e8me enfants<\/li>\n<\/ul>","protected":false},"featured_media":24509,"comment_status":"open","ping_status":"closed","template":"","meta":[],"product_brand":[],"product_cat":[264,303],"product_tag":[],"class_list":{"0":"post-24508","1":"product","2":"type-product","3":"status-publish","4":"has-post-thumbnail","6":"product_cat-pinatas","7":"product_cat-reine-des-neiges","9":"first","10":"instock","11":"virtual","12":"purchasable","13":"product-type-simple"},"_links":{"self":[{"href":"https:\/\/somefunstore.com\/en\/wp-json\/wp\/v2\/product\/24508","targetHints":{"allow":["GET"]}}],"collection":[{"href":"https:\/\/somefunstore.com\/en\/wp-json\/wp\/v2\/product"}],"about":[{"href":"https:\/\/somefunstore.com\/en\/wp-json\/wp\/v2\/types\/product"}],"replies":[{"embeddable":true,"href":"https:\/\/somefunstore.com\/en\/wp-json\/wp\/v2\/comments?post=24508"}],"wp:featuredmedia":[{"embeddable":true,"href":"https:\/\/somefunstore.com\/en\/wp-json\/wp\/v2\/media\/24509"}],"wp:attachment":[{"href":"https:\/\/somefunstore.com\/en\/wp-json\/wp\/v2\/media?parent=24508"}],"wp:term":[{"taxonomy":"product_brand","embeddable":true,"href":"https:\/\/somefunstore.com\/en\/wp-json\/wp\/v2\/product_brand?post=24508"},{"taxonomy":"product_cat","embeddable":true,"href":"https:\/\/somefunstore.com\/en\/wp-json\/wp\/v2\/product_cat?post=24508"},{"taxonomy":"product_tag","embeddable":true,"href":"https:\/\/somefunstore.com\/en\/wp-json\/wp\/v2\/product_tag?post=24508"}],"curies":[{"name":"wp","href":"https:\/\/api.w.org\/{rel}","templated":true}]}}